{"id":4631,"date":"2020-07-13T17:00:31","date_gmt":"2020-07-13T16:00:31","guid":{"rendered":"https:\/\/venluxe.com\/?post_type=product&#038;p=4631"},"modified":"2022-02-10T00:08:50","modified_gmt":"2022-02-09T23:08:50","slug":"cils-paulina","status":"publish","type":"product","link":"https:\/\/staging.venluxe.com\/pt\/produto\/cils-paulina\/","title":{"rendered":"VENLUXE\u00ae CILS PAULINA"},"content":{"rendered":"<p><img fetchpriority=\"high\" decoding=\"async\" class=\"alignleft wp-image-4890 size-full\" src=\"https:\/\/venluxe.com\/wp-content\/uploads\/2020\/07\/Box-VENLUXE-CILS-PAULINA-REAR-700.jpg\" alt=\"\" width=\"700\" height=\"700\" srcset=\"https:\/\/staging.venluxe.com\/wp-content\/uploads\/2020\/07\/Box-VENLUXE-CILS-PAULINA-REAR-700.jpg 700w, https:\/\/staging.venluxe.com\/wp-content\/uploads\/2020\/07\/Box-VENLUXE-CILS-PAULINA-REAR-700-300x300.jpg 300w, https:\/\/staging.venluxe.com\/wp-content\/uploads\/2020\/07\/Box-VENLUXE-CILS-PAULINA-REAR-700-100x100.jpg 100w, https:\/\/staging.venluxe.com\/wp-content\/uploads\/2020\/07\/Box-VENLUXE-CILS-PAULINA-REAR-700-600x600.jpg 600w, https:\/\/staging.venluxe.com\/wp-content\/uploads\/2020\/07\/Box-VENLUXE-CILS-PAULINA-REAR-700-150x150.jpg 150w\" sizes=\"(max-width: 700px) 100vw, 700px\" \/><\/p>\n<h1><\/h1>\n<p>&nbsp;<\/p>\n<h1 style=\"text-align: center;\">CONHE\u00c7A AS NOSSAS PESTANAS CILS PAULINA<\/h1>\n<p style=\"text-align: center;\"><strong>Quantidade<\/strong>: Caixa de <strong>3 pares<\/strong> (6 pe\u00e7as)<\/p>\n<p style=\"text-align: center;\"><strong>Volume<\/strong>: Natural completo<\/p>\n<p style=\"text-align: center;\"><strong>comprimento<\/strong>: 5-13 mm<\/p>\n<p style=\"text-align: center;\"><strong>Material<\/strong>: Fiber &#8211; Cotton<\/p>\n<p style=\"text-align: center;\"><strong>Per\u00edodo de desgaste<\/strong>: Multiuso (60-100 vezes)<\/p>\n<p style=\"text-align: center;\"><strong>Tubo de cola<\/strong>: 7 gramas<\/p>\n<p style=\"text-align: center;\"><strong>F\u00e1cil aplica\u00e7\u00e3o em 5 segundos<\/strong><\/p>\n<p style=\"text-align: center;\"><img decoding=\"async\" class=\"aligncenter size-full wp-image-3336\" src=\"https:\/\/venluxe.com\/wp-content\/uploads\/2019\/08\/Untitled-2.jpg\" alt=\"\" width=\"1200\" height=\"20\" srcset=\"https:\/\/staging.venluxe.com\/wp-content\/uploads\/2019\/08\/Untitled-2.jpg 1200w, https:\/\/staging.venluxe.com\/wp-content\/uploads\/2019\/08\/Untitled-2-600x10.jpg 600w, https:\/\/staging.venluxe.com\/wp-content\/uploads\/2019\/08\/Untitled-2-300x5.jpg 300w, https:\/\/staging.venluxe.com\/wp-content\/uploads\/2019\/08\/Untitled-2-1024x17.jpg 1024w, https:\/\/staging.venluxe.com\/wp-content\/uploads\/2019\/08\/Untitled-2-768x13.jpg 768w\" sizes=\"(max-width: 1200px) 100vw, 1200px\" \/><\/p>\n<p><img decoding=\"async\" class=\"alignright wp-image-4638 size-full\" src=\"https:\/\/venluxe.com\/wp-content\/uploads\/2020\/07\/2-DESC-VENLUXE-CILS-PAULINA.jpg\" alt=\"\" width=\"700\" height=\"700\" srcset=\"https:\/\/staging.venluxe.com\/wp-content\/uploads\/2020\/07\/2-DESC-VENLUXE-CILS-PAULINA.jpg 700w, https:\/\/staging.venluxe.com\/wp-content\/uploads\/2020\/07\/2-DESC-VENLUXE-CILS-PAULINA-300x300.jpg 300w, https:\/\/staging.venluxe.com\/wp-content\/uploads\/2020\/07\/2-DESC-VENLUXE-CILS-PAULINA-100x100.jpg 100w, https:\/\/staging.venluxe.com\/wp-content\/uploads\/2020\/07\/2-DESC-VENLUXE-CILS-PAULINA-600x600.jpg 600w, https:\/\/staging.venluxe.com\/wp-content\/uploads\/2020\/07\/2-DESC-VENLUXE-CILS-PAULINA-150x150.jpg 150w\" sizes=\"(max-width: 700px) 100vw, 700px\" \/><\/p>\n<p>&nbsp;<\/p>\n<p>&nbsp;<\/p>\n<h2 class=\"Heading light\" style=\"text-align: center;\">LOOK &amp; FEEL<\/h2>\n<h1 class=\"Heading u-h2\" style=\"text-align: center;\">NATURAL E LEVE<\/h1>\n<p style=\"text-align: center;\">Nossos Cils \u2122 s\u00e3o os c\u00edlios sint\u00e9ticos de apar\u00eancia mais natural, feitos de uma mistura de fibras sint\u00e9ticas ultrafinas. Em compara\u00e7\u00e3o com as extens\u00f5es dos c\u00edlios, nossos c\u00edlios posti\u00e7os s\u00e3o mais seguros, mais bonitos e mais convenientes. Coloque qualquer par de manh\u00e3 e tire-o \u00e0 noite.<\/p>\n<p>&nbsp;<\/p>\n<p><img loading=\"lazy\" decoding=\"async\" class=\"size-full wp-image-3336 aligncenter\" src=\"https:\/\/venluxe.com\/wp-content\/uploads\/2019\/08\/Untitled-2.jpg\" alt=\"\" width=\"1200\" height=\"20\" srcset=\"https:\/\/staging.venluxe.com\/wp-content\/uploads\/2019\/08\/Untitled-2.jpg 1200w, https:\/\/staging.venluxe.com\/wp-content\/uploads\/2019\/08\/Untitled-2-600x10.jpg 600w, https:\/\/staging.venluxe.com\/wp-content\/uploads\/2019\/08\/Untitled-2-300x5.jpg 300w, https:\/\/staging.venluxe.com\/wp-content\/uploads\/2019\/08\/Untitled-2-1024x17.jpg 1024w, https:\/\/staging.venluxe.com\/wp-content\/uploads\/2019\/08\/Untitled-2-768x13.jpg 768w\" sizes=\"(max-width: 1200px) 100vw, 1200px\" \/><img loading=\"lazy\" decoding=\"async\" class=\"alignleft wp-image-4626 size-full\" src=\"https:\/\/venluxe.com\/wp-content\/uploads\/2019\/08\/Rounded-500px.jpg\" alt=\"\" width=\"700\" height=\"700\" srcset=\"https:\/\/staging.venluxe.com\/wp-content\/uploads\/2019\/08\/Rounded-500px.jpg 700w, https:\/\/staging.venluxe.com\/wp-content\/uploads\/2019\/08\/Rounded-500px-300x300.jpg 300w, https:\/\/staging.venluxe.com\/wp-content\/uploads\/2019\/08\/Rounded-500px-100x100.jpg 100w, https:\/\/staging.venluxe.com\/wp-content\/uploads\/2019\/08\/Rounded-500px-600x600.jpg 600w, https:\/\/staging.venluxe.com\/wp-content\/uploads\/2019\/08\/Rounded-500px-150x150.jpg 150w\" sizes=\"(max-width: 700px) 100vw, 700px\" \/><\/p>\n<p>&nbsp;<\/p>\n<p>&nbsp;<\/p>\n<h2 class=\"Heading light\" style=\"text-align: center;\">F\u00c1CIL DE USAR<\/h2>\n<h1 class=\"Heading u-h2\" style=\"text-align: center;\">Aplica-se sem esfor\u00e7o<\/h1>\n<p style=\"text-align: center;\">Artesanais com uma faixa de algod\u00e3o macio, nossos c\u00edlios s\u00e3o super flex\u00edveis e de f\u00e1cil aplica\u00e7\u00e3o, mesmo para iniciantes.<\/p>\n<p style=\"text-align: center;\">O Cils Paulina \u2122 oferece uma apar\u00eancia natural, mas acrescenta um brilho animado aos seus olhos com suas camadas divertidas de comprimentos. \u00c9 um estilo doce e familiar, com um pouco de chute.<\/p>\n<p>&nbsp;<\/p>\n<p style=\"text-align: center;\"><img loading=\"lazy\" decoding=\"async\" class=\"size-full wp-image-3336 aligncenter\" src=\"https:\/\/venluxe.com\/wp-content\/uploads\/2019\/08\/Untitled-2.jpg\" alt=\"\" width=\"1200\" height=\"20\" srcset=\"https:\/\/staging.venluxe.com\/wp-content\/uploads\/2019\/08\/Untitled-2.jpg 1200w, https:\/\/staging.venluxe.com\/wp-content\/uploads\/2019\/08\/Untitled-2-600x10.jpg 600w, https:\/\/staging.venluxe.com\/wp-content\/uploads\/2019\/08\/Untitled-2-300x5.jpg 300w, https:\/\/staging.venluxe.com\/wp-content\/uploads\/2019\/08\/Untitled-2-1024x17.jpg 1024w, https:\/\/staging.venluxe.com\/wp-content\/uploads\/2019\/08\/Untitled-2-768x13.jpg 768w\" sizes=\"(max-width: 1200px) 100vw, 1200px\" \/><\/p>\n<p><img loading=\"lazy\" decoding=\"async\" class=\"alignright wp-image-4627 size-full\" src=\"https:\/\/venluxe.com\/wp-content\/uploads\/2019\/08\/Venluxe-cils-Carina-3.jpg\" alt=\"\" width=\"700\" height=\"700\" srcset=\"https:\/\/staging.venluxe.com\/wp-content\/uploads\/2019\/08\/Venluxe-cils-Carina-3.jpg 700w, https:\/\/staging.venluxe.com\/wp-content\/uploads\/2019\/08\/Venluxe-cils-Carina-3-300x300.jpg 300w, https:\/\/staging.venluxe.com\/wp-content\/uploads\/2019\/08\/Venluxe-cils-Carina-3-100x100.jpg 100w, https:\/\/staging.venluxe.com\/wp-content\/uploads\/2019\/08\/Venluxe-cils-Carina-3-600x600.jpg 600w, https:\/\/staging.venluxe.com\/wp-content\/uploads\/2019\/08\/Venluxe-cils-Carina-3-150x150.jpg 150w\" sizes=\"(max-width: 700px) 100vw, 700px\" \/><\/p>\n<p>&nbsp;<\/p>\n<p>&nbsp;<\/p>\n<h2 class=\"Heading light\" style=\"text-align: center;\">MATERIAIS PREMIUM<\/h2>\n<h1 class=\"Heading u-h2\" style=\"text-align: center;\">RESILIENTE E REUS\u00c1VEL<\/h1>\n<p style=\"text-align: center;\">Cada par de c\u00edlios Venluxe Beauty foi meticulosamente artesanal para ser incrivelmente resistente e usado v\u00e1rias vezes. Diga adeus \u00e0s falsas descart\u00e1veis descart\u00e1veis.<img loading=\"lazy\" decoding=\"async\" class=\"size-full wp-image-3336 aligncenter\" src=\"https:\/\/venluxe.com\/wp-content\/uploads\/2019\/08\/Untitled-2.jpg\" alt=\"\" width=\"1200\" height=\"20\" srcset=\"https:\/\/staging.venluxe.com\/wp-content\/uploads\/2019\/08\/Untitled-2.jpg 1200w, https:\/\/staging.venluxe.com\/wp-content\/uploads\/2019\/08\/Untitled-2-600x10.jpg 600w, https:\/\/staging.venluxe.com\/wp-content\/uploads\/2019\/08\/Untitled-2-300x5.jpg 300w, https:\/\/staging.venluxe.com\/wp-content\/uploads\/2019\/08\/Untitled-2-1024x17.jpg 1024w, https:\/\/staging.venluxe.com\/wp-content\/uploads\/2019\/08\/Untitled-2-768x13.jpg 768w\" sizes=\"(max-width: 1200px) 100vw, 1200px\" \/><\/p>","protected":false},"excerpt":{"rendered":"<h3><img loading=\"lazy\" decoding=\"async\" class=\"size-full wp-image-7594 aligncenter\" src=\"https:\/\/staging.venluxe.com\/wp-content\/uploads\/2020\/07\/Montage-Venluxe-Eyelashes-EN.png\" alt=\"\" width=\"650\" height=\"293\" srcset=\"https:\/\/staging.venluxe.com\/wp-content\/uploads\/2020\/07\/Montage-Venluxe-Eyelashes-EN.png 650w, https:\/\/staging.venluxe.com\/wp-content\/uploads\/2020\/07\/Montage-Venluxe-Eyelashes-EN-600x270.png 600w, https:\/\/staging.venluxe.com\/wp-content\/uploads\/2020\/07\/Montage-Venluxe-Eyelashes-EN-300x135.png 300w, https:\/\/staging.venluxe.com\/wp-content\/uploads\/2020\/07\/Montage-Venluxe-Eyelashes-EN-16x7.png 16w\" sizes=\"(max-width: 650px) 100vw, 650px\" \/><\/h3>\n<h3><img decoding=\"async\" class=\"alignleft wp-image-4607\" src=\"https:\/\/venluxe.com\/wp-content\/uploads\/2019\/08\/eyelash-icon.svg\" alt=\"\" width=\"42\" \/><strong>Apar\u00eancia ultra natural<\/strong><\/h3>\n<p>&nbsp;<\/p>\n<h3><img decoding=\"async\" class=\"alignleft wp-image-4606\" src=\"https:\/\/venluxe.com\/wp-content\/uploads\/2019\/08\/feather-icon.svg\" alt=\"\" width=\"42\" \/><strong>Leve e confort\u00e1vel<\/strong><\/h3>\n<p>&nbsp;<\/p>\n<h3><strong><img decoding=\"async\" class=\"alignleft wp-image-4609\" src=\"https:\/\/venluxe.com\/wp-content\/uploads\/2019\/08\/curler-icon.svg\" alt=\"\" width=\"42\" \/><\/strong><strong>F\u00e1cil de aplicar<\/strong><\/h3>\n<p>&nbsp;<\/p>\n<h3><a href=\"https:\/\/venluxe.com\/wp-content\/uploads\/2019\/08\/time-icon.svg\"><img decoding=\"async\" class=\"alignleft wp-image-4608\" src=\"https:\/\/venluxe.com\/wp-content\/uploads\/2019\/08\/time-icon.svg\" alt=\"\" width=\"42\" \/><\/a><\/h3>\n<h3><strong>V\u00e1rios usos<\/strong><\/h3>","protected":false},"featured_media":4689,"comment_status":"open","ping_status":"closed","template":"","meta":[],"product_brand":[],"product_cat":[67],"product_tag":[],"class_list":{"0":"post-4631","1":"product","2":"type-product","3":"status-publish","4":"has-post-thumbnail","6":"product_cat-makeup-and-beauty","8":"entry","9":"has-media","11":"first","12":"instock","13":"sale","14":"shipping-taxable","15":"purchasable","16":"product-type-simple","17":"col","18":"span_1_of_3","19":"owp-content-center","20":"item-entry","21":"owp-thumbs-layout-horizontal","22":"owp-btn-very-big","23":"owp-tabs-layout-section","24":"circle-sale"},"_links":{"self":[{"href":"https:\/\/staging.venluxe.com\/pt\/wp-json\/wp\/v2\/product\/4631","targetHints":{"allow":["GET"]}}],"collection":[{"href":"https:\/\/staging.venluxe.com\/pt\/wp-json\/wp\/v2\/product"}],"about":[{"href":"https:\/\/staging.venluxe.com\/pt\/wp-json\/wp\/v2\/types\/product"}],"replies":[{"embeddable":true,"href":"https:\/\/staging.venluxe.com\/pt\/wp-json\/wp\/v2\/comments?post=4631"}],"version-history":[{"count":0,"href":"https:\/\/staging.venluxe.com\/pt\/wp-json\/wp\/v2\/product\/4631\/revisions"}],"wp:featuredmedia":[{"embeddable":true,"href":"https:\/\/staging.venluxe.com\/pt\/wp-json\/wp\/v2\/media\/4689"}],"wp:attachment":[{"href":"https:\/\/staging.venluxe.com\/pt\/wp-json\/wp\/v2\/media?parent=4631"}],"wp:term":[{"taxonomy":"product_brand","embeddable":true,"href":"https:\/\/staging.venluxe.com\/pt\/wp-json\/wp\/v2\/product_brand?post=4631"},{"taxonomy":"product_cat","embeddable":true,"href":"https:\/\/staging.venluxe.com\/pt\/wp-json\/wp\/v2\/product_cat?post=4631"},{"taxonomy":"product_tag","embeddable":true,"href":"https:\/\/staging.venluxe.com\/pt\/wp-json\/wp\/v2\/product_tag?post=4631"}],"curies":[{"name":"wp","href":"https:\/\/api.w.org\/{rel}","templated":true}]}}