{"id":4631,"date":"2020-07-13T17:00:31","date_gmt":"2020-07-13T16:00:31","guid":{"rendered":"https:\/\/venluxe.com\/?post_type=product&#038;p=4631"},"modified":"2022-02-10T00:08:50","modified_gmt":"2022-02-09T23:08:50","slug":"cils-paulina","status":"publish","type":"product","link":"https:\/\/staging.venluxe.com\/pl\/produkt\/cils-paulina\/","title":{"rendered":"VENLUXE\u00ae CILS PAULINA"},"content":{"rendered":"<p><img fetchpriority=\"high\" decoding=\"async\" class=\"alignleft wp-image-4890 size-full\" src=\"https:\/\/venluxe.com\/wp-content\/uploads\/2020\/07\/Box-VENLUXE-CILS-PAULINA-REAR-700.jpg\" alt=\"\" width=\"700\" height=\"700\" srcset=\"https:\/\/staging.venluxe.com\/wp-content\/uploads\/2020\/07\/Box-VENLUXE-CILS-PAULINA-REAR-700.jpg 700w, https:\/\/staging.venluxe.com\/wp-content\/uploads\/2020\/07\/Box-VENLUXE-CILS-PAULINA-REAR-700-300x300.jpg 300w, https:\/\/staging.venluxe.com\/wp-content\/uploads\/2020\/07\/Box-VENLUXE-CILS-PAULINA-REAR-700-100x100.jpg 100w, https:\/\/staging.venluxe.com\/wp-content\/uploads\/2020\/07\/Box-VENLUXE-CILS-PAULINA-REAR-700-600x600.jpg 600w, https:\/\/staging.venluxe.com\/wp-content\/uploads\/2020\/07\/Box-VENLUXE-CILS-PAULINA-REAR-700-150x150.jpg 150w\" sizes=\"(max-width: 700px) 100vw, 700px\" \/><\/p>\n<h1><\/h1>\n<p>&nbsp;<\/p>\n<h1 style=\"text-align: center;\">POZNAJ NASZE RZ\u0118SY CILS PAULINA<\/h1>\n<p style=\"text-align: center;\"><strong>Ilo\u015b\u0107<\/strong>: Pude\u0142ko z <strong>3 pary<\/strong> (6 sztuk)<\/p>\n<p style=\"text-align: center;\"><strong>Tom<\/strong>: W pe\u0142ni naturalny<\/p>\n<p style=\"text-align: center;\"><strong>D\u0142ugo\u015b\u0107<\/strong>: 5-13 mm<\/p>\n<p style=\"text-align: center;\"><strong>Materia\u0142<\/strong>: Fiber &#8211; Cotton<\/p>\n<p style=\"text-align: center;\"><strong>Okres noszenia<\/strong>: Wielokrotnego u\u017cytku (60\u2013100 razy)<\/p>\n<p style=\"text-align: center;\"><strong>Rurka kleju<\/strong>: 7 gram\u00f3w<\/p>\n<p style=\"text-align: center;\"><strong>\u0141atwa aplikacja w 5 sekund<\/strong><\/p>\n<p style=\"text-align: center;\"><img decoding=\"async\" class=\"aligncenter size-full wp-image-3336\" src=\"https:\/\/venluxe.com\/wp-content\/uploads\/2019\/08\/Untitled-2.jpg\" alt=\"\" width=\"1200\" height=\"20\" srcset=\"https:\/\/staging.venluxe.com\/wp-content\/uploads\/2019\/08\/Untitled-2.jpg 1200w, https:\/\/staging.venluxe.com\/wp-content\/uploads\/2019\/08\/Untitled-2-600x10.jpg 600w, https:\/\/staging.venluxe.com\/wp-content\/uploads\/2019\/08\/Untitled-2-300x5.jpg 300w, https:\/\/staging.venluxe.com\/wp-content\/uploads\/2019\/08\/Untitled-2-1024x17.jpg 1024w, https:\/\/staging.venluxe.com\/wp-content\/uploads\/2019\/08\/Untitled-2-768x13.jpg 768w\" sizes=\"(max-width: 1200px) 100vw, 1200px\" \/><\/p>\n<p><img decoding=\"async\" class=\"alignright wp-image-4638 size-full\" src=\"https:\/\/venluxe.com\/wp-content\/uploads\/2020\/07\/2-DESC-VENLUXE-CILS-PAULINA.jpg\" alt=\"\" width=\"700\" height=\"700\" srcset=\"https:\/\/staging.venluxe.com\/wp-content\/uploads\/2020\/07\/2-DESC-VENLUXE-CILS-PAULINA.jpg 700w, https:\/\/staging.venluxe.com\/wp-content\/uploads\/2020\/07\/2-DESC-VENLUXE-CILS-PAULINA-300x300.jpg 300w, https:\/\/staging.venluxe.com\/wp-content\/uploads\/2020\/07\/2-DESC-VENLUXE-CILS-PAULINA-100x100.jpg 100w, https:\/\/staging.venluxe.com\/wp-content\/uploads\/2020\/07\/2-DESC-VENLUXE-CILS-PAULINA-600x600.jpg 600w, https:\/\/staging.venluxe.com\/wp-content\/uploads\/2020\/07\/2-DESC-VENLUXE-CILS-PAULINA-150x150.jpg 150w\" sizes=\"(max-width: 700px) 100vw, 700px\" \/><\/p>\n<p>&nbsp;<\/p>\n<p>&nbsp;<\/p>\n<h2 class=\"Heading light\" style=\"text-align: center;\">SP\u00d3JRZ I POCZUJ<\/h2>\n<h1 class=\"Heading u-h2\" style=\"text-align: center;\">NATURALNY I LEKKI<\/h1>\n<p style=\"text-align: center;\">Nasze Cils \u2122 to najbardziej naturalnie wygl\u0105daj\u0105ce syntetyczne rz\u0119sy, wykonane z mieszanki ultracienkich w\u0142\u00f3kien syntetycznych. W por\u00f3wnaniu do przed\u0142u\u017cania rz\u0119s, nasze sztuczne rz\u0119sy s\u0105 bezpieczniejsze, pi\u0119kniejsze i wygodniejsze. Ka\u017cd\u0105 par\u0119 nale\u017cy za\u0142o\u017cy\u0107 rano i zdj\u0105\u0107 wieczorem.<\/p>\n<p>&nbsp;<\/p>\n<p><img loading=\"lazy\" decoding=\"async\" class=\"size-full wp-image-3336 aligncenter\" src=\"https:\/\/venluxe.com\/wp-content\/uploads\/2019\/08\/Untitled-2.jpg\" alt=\"\" width=\"1200\" height=\"20\" srcset=\"https:\/\/staging.venluxe.com\/wp-content\/uploads\/2019\/08\/Untitled-2.jpg 1200w, https:\/\/staging.venluxe.com\/wp-content\/uploads\/2019\/08\/Untitled-2-600x10.jpg 600w, https:\/\/staging.venluxe.com\/wp-content\/uploads\/2019\/08\/Untitled-2-300x5.jpg 300w, https:\/\/staging.venluxe.com\/wp-content\/uploads\/2019\/08\/Untitled-2-1024x17.jpg 1024w, https:\/\/staging.venluxe.com\/wp-content\/uploads\/2019\/08\/Untitled-2-768x13.jpg 768w\" sizes=\"(max-width: 1200px) 100vw, 1200px\" \/><img loading=\"lazy\" decoding=\"async\" class=\"alignleft wp-image-4626 size-full\" src=\"https:\/\/venluxe.com\/wp-content\/uploads\/2019\/08\/Rounded-500px.jpg\" alt=\"\" width=\"700\" height=\"700\" srcset=\"https:\/\/staging.venluxe.com\/wp-content\/uploads\/2019\/08\/Rounded-500px.jpg 700w, https:\/\/staging.venluxe.com\/wp-content\/uploads\/2019\/08\/Rounded-500px-300x300.jpg 300w, https:\/\/staging.venluxe.com\/wp-content\/uploads\/2019\/08\/Rounded-500px-100x100.jpg 100w, https:\/\/staging.venluxe.com\/wp-content\/uploads\/2019\/08\/Rounded-500px-600x600.jpg 600w, https:\/\/staging.venluxe.com\/wp-content\/uploads\/2019\/08\/Rounded-500px-150x150.jpg 150w\" sizes=\"(max-width: 700px) 100vw, 700px\" \/><\/p>\n<p>&nbsp;<\/p>\n<p>&nbsp;<\/p>\n<h2 class=\"Heading light\" style=\"text-align: center;\">\u0141ATWE DO NOSZENIA<\/h2>\n<h1 class=\"Heading u-h2\" style=\"text-align: center;\">STOSUJE SI\u0118 BEZ WYSI\u0141KU<\/h1>\n<p style=\"text-align: center;\">Wykonane r\u0119cznie z mi\u0119kkiej bawe\u0142nianej opaski, nasze rz\u0119sy s\u0105 super elastyczne i \u0142atwe w aplikacji, nawet dla pocz\u0105tkuj\u0105cych.<\/p>\n<p style=\"text-align: center;\">Cils Paulina \u2122 zapewni Ci naturalny wygl\u0105d, a jednocze\u015bnie doda \u017cywego blasku Twoim oczom dzi\u0119ki zabawnym warstwom d\u0142ugo\u015bci. To s\u0142odki i znajomy styl z odrobin\u0105 kopa.<\/p>\n<p>&nbsp;<\/p>\n<p style=\"text-align: center;\"><img loading=\"lazy\" decoding=\"async\" class=\"size-full wp-image-3336 aligncenter\" src=\"https:\/\/venluxe.com\/wp-content\/uploads\/2019\/08\/Untitled-2.jpg\" alt=\"\" width=\"1200\" height=\"20\" srcset=\"https:\/\/staging.venluxe.com\/wp-content\/uploads\/2019\/08\/Untitled-2.jpg 1200w, https:\/\/staging.venluxe.com\/wp-content\/uploads\/2019\/08\/Untitled-2-600x10.jpg 600w, https:\/\/staging.venluxe.com\/wp-content\/uploads\/2019\/08\/Untitled-2-300x5.jpg 300w, https:\/\/staging.venluxe.com\/wp-content\/uploads\/2019\/08\/Untitled-2-1024x17.jpg 1024w, https:\/\/staging.venluxe.com\/wp-content\/uploads\/2019\/08\/Untitled-2-768x13.jpg 768w\" sizes=\"(max-width: 1200px) 100vw, 1200px\" \/><\/p>\n<p><img loading=\"lazy\" decoding=\"async\" class=\"alignright wp-image-4627 size-full\" src=\"https:\/\/venluxe.com\/wp-content\/uploads\/2019\/08\/Venluxe-cils-Carina-3.jpg\" alt=\"\" width=\"700\" height=\"700\" srcset=\"https:\/\/staging.venluxe.com\/wp-content\/uploads\/2019\/08\/Venluxe-cils-Carina-3.jpg 700w, https:\/\/staging.venluxe.com\/wp-content\/uploads\/2019\/08\/Venluxe-cils-Carina-3-300x300.jpg 300w, https:\/\/staging.venluxe.com\/wp-content\/uploads\/2019\/08\/Venluxe-cils-Carina-3-100x100.jpg 100w, https:\/\/staging.venluxe.com\/wp-content\/uploads\/2019\/08\/Venluxe-cils-Carina-3-600x600.jpg 600w, https:\/\/staging.venluxe.com\/wp-content\/uploads\/2019\/08\/Venluxe-cils-Carina-3-150x150.jpg 150w\" sizes=\"(max-width: 700px) 100vw, 700px\" \/><\/p>\n<p>&nbsp;<\/p>\n<p>&nbsp;<\/p>\n<h2 class=\"Heading light\" style=\"text-align: center;\">MATERIA\u0141Y PREMIUM<\/h2>\n<h1 class=\"Heading u-h2\" style=\"text-align: center;\">ELASTYCZNA I WIELOKROTNEGO U\u017bYCIA<\/h1>\n<p style=\"text-align: center;\">Ka\u017cda para rz\u0119s Venluxe Beauty zosta\u0142a skrupulatnie wykonana r\u0119cznie, aby by\u0142y niesamowicie spr\u0119\u017cyste i wielokrotnie noszone. Po\u017cegnaj si\u0119 z jednorazowymi podr\u00f3bkami jednorazowego u\u017cytku.<img loading=\"lazy\" decoding=\"async\" class=\"size-full wp-image-3336 aligncenter\" src=\"https:\/\/venluxe.com\/wp-content\/uploads\/2019\/08\/Untitled-2.jpg\" alt=\"\" width=\"1200\" height=\"20\" srcset=\"https:\/\/staging.venluxe.com\/wp-content\/uploads\/2019\/08\/Untitled-2.jpg 1200w, https:\/\/staging.venluxe.com\/wp-content\/uploads\/2019\/08\/Untitled-2-600x10.jpg 600w, https:\/\/staging.venluxe.com\/wp-content\/uploads\/2019\/08\/Untitled-2-300x5.jpg 300w, https:\/\/staging.venluxe.com\/wp-content\/uploads\/2019\/08\/Untitled-2-1024x17.jpg 1024w, https:\/\/staging.venluxe.com\/wp-content\/uploads\/2019\/08\/Untitled-2-768x13.jpg 768w\" sizes=\"(max-width: 1200px) 100vw, 1200px\" \/><\/p>","protected":false},"excerpt":{"rendered":"<h3><img loading=\"lazy\" decoding=\"async\" class=\"size-full wp-image-7594 aligncenter\" src=\"https:\/\/staging.venluxe.com\/wp-content\/uploads\/2020\/07\/Montage-Venluxe-Eyelashes-EN.png\" alt=\"\" width=\"650\" height=\"293\" srcset=\"https:\/\/staging.venluxe.com\/wp-content\/uploads\/2020\/07\/Montage-Venluxe-Eyelashes-EN.png 650w, https:\/\/staging.venluxe.com\/wp-content\/uploads\/2020\/07\/Montage-Venluxe-Eyelashes-EN-600x270.png 600w, https:\/\/staging.venluxe.com\/wp-content\/uploads\/2020\/07\/Montage-Venluxe-Eyelashes-EN-300x135.png 300w, https:\/\/staging.venluxe.com\/wp-content\/uploads\/2020\/07\/Montage-Venluxe-Eyelashes-EN-16x7.png 16w\" sizes=\"(max-width: 650px) 100vw, 650px\" \/><\/h3>\n<h3><img decoding=\"async\" class=\"alignleft wp-image-4607\" src=\"https:\/\/venluxe.com\/wp-content\/uploads\/2019\/08\/eyelash-icon.svg\" alt=\"\" width=\"42\" \/><strong>Niezwykle naturalny wygl\u0105d<\/strong><\/h3>\n<p>&nbsp;<\/p>\n<h3><img decoding=\"async\" class=\"alignleft wp-image-4606\" src=\"https:\/\/venluxe.com\/wp-content\/uploads\/2019\/08\/feather-icon.svg\" alt=\"\" width=\"42\" \/><strong>Lekkie i wygodne<\/strong><\/h3>\n<p>&nbsp;<\/p>\n<h3><strong><img decoding=\"async\" class=\"alignleft wp-image-4609\" src=\"https:\/\/venluxe.com\/wp-content\/uploads\/2019\/08\/curler-icon.svg\" alt=\"\" width=\"42\" \/><\/strong><strong>\u0141atwy do na\u0142o\u017cenia<\/strong><\/h3>\n<p>&nbsp;<\/p>\n<h3><a href=\"https:\/\/venluxe.com\/wp-content\/uploads\/2019\/08\/time-icon.svg\"><img decoding=\"async\" class=\"alignleft wp-image-4608\" src=\"https:\/\/venluxe.com\/wp-content\/uploads\/2019\/08\/time-icon.svg\" alt=\"\" width=\"42\" \/><\/a><\/h3>\n<h3><strong>Wiele nosi<\/strong><\/h3>","protected":false},"featured_media":4689,"comment_status":"open","ping_status":"closed","template":"","meta":[],"product_brand":[],"product_cat":[67],"product_tag":[],"class_list":{"0":"post-4631","1":"product","2":"type-product","3":"status-publish","4":"has-post-thumbnail","6":"product_cat-makeup-and-beauty","8":"entry","9":"has-media","11":"first","12":"instock","13":"sale","14":"shipping-taxable","15":"purchasable","16":"product-type-simple","17":"col","18":"span_1_of_3","19":"owp-content-center","20":"item-entry","21":"owp-thumbs-layout-horizontal","22":"owp-btn-very-big","23":"owp-tabs-layout-section","24":"circle-sale"},"_links":{"self":[{"href":"https:\/\/staging.venluxe.com\/pl\/wp-json\/wp\/v2\/product\/4631","targetHints":{"allow":["GET"]}}],"collection":[{"href":"https:\/\/staging.venluxe.com\/pl\/wp-json\/wp\/v2\/product"}],"about":[{"href":"https:\/\/staging.venluxe.com\/pl\/wp-json\/wp\/v2\/types\/product"}],"replies":[{"embeddable":true,"href":"https:\/\/staging.venluxe.com\/pl\/wp-json\/wp\/v2\/comments?post=4631"}],"version-history":[{"count":0,"href":"https:\/\/staging.venluxe.com\/pl\/wp-json\/wp\/v2\/product\/4631\/revisions"}],"wp:featuredmedia":[{"embeddable":true,"href":"https:\/\/staging.venluxe.com\/pl\/wp-json\/wp\/v2\/media\/4689"}],"wp:attachment":[{"href":"https:\/\/staging.venluxe.com\/pl\/wp-json\/wp\/v2\/media?parent=4631"}],"wp:term":[{"taxonomy":"product_brand","embeddable":true,"href":"https:\/\/staging.venluxe.com\/pl\/wp-json\/wp\/v2\/product_brand?post=4631"},{"taxonomy":"product_cat","embeddable":true,"href":"https:\/\/staging.venluxe.com\/pl\/wp-json\/wp\/v2\/product_cat?post=4631"},{"taxonomy":"product_tag","embeddable":true,"href":"https:\/\/staging.venluxe.com\/pl\/wp-json\/wp\/v2\/product_tag?post=4631"}],"curies":[{"name":"wp","href":"https:\/\/api.w.org\/{rel}","templated":true}]}}