{"id":3438,"date":"2020-03-26T16:29:16","date_gmt":"2020-03-26T15:29:16","guid":{"rendered":"https:\/\/venluxe.com\/?post_type=product&#038;p=3438"},"modified":"2022-06-22T14:24:49","modified_gmt":"2022-06-22T13:24:49","slug":"luxury-set-brush","status":"publish","type":"product","link":"https:\/\/staging.venluxe.com\/pl\/produkt\/luxury-set-brush\/","title":{"rendered":"VENLUXE\u00ae LUXURY SET - 12 SZCZOTEK"},"content":{"rendered":"<p><img fetchpriority=\"high\" decoding=\"async\" class=\"wp-image-3442 alignleft\" src=\"https:\/\/venluxe.com\/wp-content\/uploads\/2020\/03\/BOX-VENLUXE-LUXURY-SET-600.jpg\" alt=\"\" width=\"700\" height=\"700\" srcset=\"https:\/\/staging.venluxe.com\/wp-content\/uploads\/2020\/03\/BOX-VENLUXE-LUXURY-SET-600.jpg 600w, https:\/\/staging.venluxe.com\/wp-content\/uploads\/2020\/03\/BOX-VENLUXE-LUXURY-SET-600-300x300.jpg 300w, https:\/\/staging.venluxe.com\/wp-content\/uploads\/2020\/03\/BOX-VENLUXE-LUXURY-SET-600-100x100.jpg 100w, https:\/\/staging.venluxe.com\/wp-content\/uploads\/2020\/03\/BOX-VENLUXE-LUXURY-SET-600-150x150.jpg 150w\" sizes=\"(max-width: 700px) 100vw, 700px\" \/><\/p>\n<p>&nbsp;<\/p>\n<p>&nbsp;<\/p>\n<p>&nbsp;<\/p>\n<h1 style=\"text-align: center;\">POZNAJ Z LUKSUSOWYM ZESTAWEM<\/h1>\n<p>&nbsp;<\/p>\n<p style=\"text-align: center;\">P\u0119dzle s\u0105 narz\u0119dziem ka\u017cdego artysty do stworzenia arcydzie\u0142a. Ten zestaw p\u0119dzli zawiera wszystkie ulubione damskie, aby tworzy\u0107 kolorowe i mieszane stylizacje w podr\u00f3\u017cy. Przygotuj si\u0119 do mieszania i polerowania, poniewa\u017c ka\u017cdy z tych 12 p\u0119dzli jest tak dobry.<\/p>\n<p style=\"text-align: center;\"><strong>Kolekcja obejmuje<\/strong>: 12 p\u0119dzli<\/p>\n<p style=\"text-align: center;\"><strong>Materia\u0142<\/strong>: Luksusowe w\u0142osy naturalnie syntetyczne<\/p>\n<p style=\"text-align: center;\"><img decoding=\"async\" class=\"aligncenter size-full wp-image-3336\" src=\"https:\/\/venluxe.com\/wp-content\/uploads\/2019\/08\/Untitled-2.jpg\" alt=\"\" width=\"1200\" height=\"20\" srcset=\"https:\/\/staging.venluxe.com\/wp-content\/uploads\/2019\/08\/Untitled-2.jpg 1200w, https:\/\/staging.venluxe.com\/wp-content\/uploads\/2019\/08\/Untitled-2-600x10.jpg 600w, https:\/\/staging.venluxe.com\/wp-content\/uploads\/2019\/08\/Untitled-2-300x5.jpg 300w, https:\/\/staging.venluxe.com\/wp-content\/uploads\/2019\/08\/Untitled-2-1024x17.jpg 1024w, https:\/\/staging.venluxe.com\/wp-content\/uploads\/2019\/08\/Untitled-2-768x13.jpg 768w\" sizes=\"(max-width: 1200px) 100vw, 1200px\" \/><\/p>\n<p><img decoding=\"async\" class=\"alignright size-full wp-image-3544\" src=\"https:\/\/venluxe.com\/wp-content\/uploads\/2020\/03\/2-VENLUXE-LUXURY-SET-3.jpg\" alt=\"\" width=\"700\" height=\"700\" srcset=\"https:\/\/staging.venluxe.com\/wp-content\/uploads\/2020\/03\/2-VENLUXE-LUXURY-SET-3.jpg 700w, https:\/\/staging.venluxe.com\/wp-content\/uploads\/2020\/03\/2-VENLUXE-LUXURY-SET-3-300x300.jpg 300w, https:\/\/staging.venluxe.com\/wp-content\/uploads\/2020\/03\/2-VENLUXE-LUXURY-SET-3-100x100.jpg 100w, https:\/\/staging.venluxe.com\/wp-content\/uploads\/2020\/03\/2-VENLUXE-LUXURY-SET-3-600x600.jpg 600w, https:\/\/staging.venluxe.com\/wp-content\/uploads\/2020\/03\/2-VENLUXE-LUXURY-SET-3-150x150.jpg 150w\" sizes=\"(max-width: 700px) 100vw, 700px\" \/><\/p>\n<p>&nbsp;<\/p>\n<h1 style=\"text-align: center;\">DLACZEGO WYBRA\u0106 LUKSUSOWY ZESTAW<\/h1>\n<p>- Nasz LUXURY SET \u2122 oferuje Ci <strong>komfort u\u017cytkowania<\/strong> i \u0142atwa aplikacja do makija\u017cu.<\/p>\n<p>- Produkujemy nasze p\u0119dzle <strong>luksusowe materia\u0142y<\/strong> najwy\u017cszej jako\u015bci.<\/p>\n<p>&#8211; <strong>L\u017cejszy i bardziej mi\u0119kki<\/strong> p\u0119dzle pochodzenia etycznego.<\/p>\n<p><img loading=\"lazy\" decoding=\"async\" class=\"size-full wp-image-3336 aligncenter\" src=\"https:\/\/venluxe.com\/wp-content\/uploads\/2019\/08\/Untitled-2.jpg\" alt=\"\" width=\"1200\" height=\"20\" srcset=\"https:\/\/staging.venluxe.com\/wp-content\/uploads\/2019\/08\/Untitled-2.jpg 1200w, https:\/\/staging.venluxe.com\/wp-content\/uploads\/2019\/08\/Untitled-2-600x10.jpg 600w, https:\/\/staging.venluxe.com\/wp-content\/uploads\/2019\/08\/Untitled-2-300x5.jpg 300w, https:\/\/staging.venluxe.com\/wp-content\/uploads\/2019\/08\/Untitled-2-1024x17.jpg 1024w, https:\/\/staging.venluxe.com\/wp-content\/uploads\/2019\/08\/Untitled-2-768x13.jpg 768w\" sizes=\"(max-width: 1200px) 100vw, 1200px\" \/><\/p>\n<p style=\"text-align: center;\"><img loading=\"lazy\" decoding=\"async\" class=\"size-full wp-image-3541 alignleft\" src=\"https:\/\/venluxe.com\/wp-content\/uploads\/2020\/03\/3-VENLUXE-LUXURY-SET-1.jpg\" alt=\"\" width=\"700\" height=\"700\" srcset=\"https:\/\/staging.venluxe.com\/wp-content\/uploads\/2020\/03\/3-VENLUXE-LUXURY-SET-1.jpg 700w, https:\/\/staging.venluxe.com\/wp-content\/uploads\/2020\/03\/3-VENLUXE-LUXURY-SET-1-300x300.jpg 300w, https:\/\/staging.venluxe.com\/wp-content\/uploads\/2020\/03\/3-VENLUXE-LUXURY-SET-1-100x100.jpg 100w, https:\/\/staging.venluxe.com\/wp-content\/uploads\/2020\/03\/3-VENLUXE-LUXURY-SET-1-600x600.jpg 600w, https:\/\/staging.venluxe.com\/wp-content\/uploads\/2020\/03\/3-VENLUXE-LUXURY-SET-1-150x150.jpg 150w\" sizes=\"(max-width: 700px) 100vw, 700px\" \/><\/p>\n<p>&nbsp;<\/p>\n<p>&nbsp;<\/p>\n<h1 style=\"text-align: center;\">TWOJA PI\u0118KNO NA JEJ G\u00d3RZE<\/h1>\n<p style=\"text-align: center;\"><img decoding=\"async\" class=\"aligncenter size-full wp-image-3336\" src=\"https:\/\/venluxe.com\/wp-content\/uploads\/2019\/08\/Untitled-2.jpg\" alt=\"\" width=\"1200\" height=\"20\" srcset=\"https:\/\/staging.venluxe.com\/wp-content\/uploads\/2019\/08\/Untitled-2.jpg 1200w, https:\/\/staging.venluxe.com\/wp-content\/uploads\/2019\/08\/Untitled-2-600x10.jpg 600w, https:\/\/staging.venluxe.com\/wp-content\/uploads\/2019\/08\/Untitled-2-300x5.jpg 300w, https:\/\/staging.venluxe.com\/wp-content\/uploads\/2019\/08\/Untitled-2-1024x17.jpg 1024w, https:\/\/staging.venluxe.com\/wp-content\/uploads\/2019\/08\/Untitled-2-768x13.jpg 768w\" sizes=\"(max-width: 1200px) 100vw, 1200px\" \/><img loading=\"lazy\" decoding=\"async\" class=\"alignright size-full wp-image-3563\" src=\"https:\/\/venluxe.com\/wp-content\/uploads\/2020\/03\/4-VENLUXE-LUXURY-SET-1.jpg\" alt=\"\" width=\"700\" height=\"700\" srcset=\"https:\/\/staging.venluxe.com\/wp-content\/uploads\/2020\/03\/4-VENLUXE-LUXURY-SET-1.jpg 700w, https:\/\/staging.venluxe.com\/wp-content\/uploads\/2020\/03\/4-VENLUXE-LUXURY-SET-1-300x300.jpg 300w, https:\/\/staging.venluxe.com\/wp-content\/uploads\/2020\/03\/4-VENLUXE-LUXURY-SET-1-100x100.jpg 100w, https:\/\/staging.venluxe.com\/wp-content\/uploads\/2020\/03\/4-VENLUXE-LUXURY-SET-1-600x600.jpg 600w, https:\/\/staging.venluxe.com\/wp-content\/uploads\/2020\/03\/4-VENLUXE-LUXURY-SET-1-150x150.jpg 150w\" sizes=\"(max-width: 700px) 100vw, 700px\" \/><\/p>\n<p>&nbsp;<\/p>\n<p>&nbsp;<\/p>\n<h1 style=\"text-align: center;\">TWOJE IDEALNE NARZ\u0118DZIE DO MAKIJA\u017bU JEST WRESZCIE<br \/>\n<img decoding=\"async\" class=\"aligncenter size-full wp-image-3336\" src=\"https:\/\/venluxe.com\/wp-content\/uploads\/2019\/08\/Untitled-2.jpg\" alt=\"\" width=\"1200\" height=\"20\" srcset=\"https:\/\/staging.venluxe.com\/wp-content\/uploads\/2019\/08\/Untitled-2.jpg 1200w, https:\/\/staging.venluxe.com\/wp-content\/uploads\/2019\/08\/Untitled-2-600x10.jpg 600w, https:\/\/staging.venluxe.com\/wp-content\/uploads\/2019\/08\/Untitled-2-300x5.jpg 300w, https:\/\/staging.venluxe.com\/wp-content\/uploads\/2019\/08\/Untitled-2-1024x17.jpg 1024w, https:\/\/staging.venluxe.com\/wp-content\/uploads\/2019\/08\/Untitled-2-768x13.jpg 768w\" sizes=\"(max-width: 1200px) 100vw, 1200px\" \/><img loading=\"lazy\" decoding=\"async\" class=\"alignleft size-full wp-image-3565\" src=\"https:\/\/venluxe.com\/wp-content\/uploads\/2020\/03\/5-VENLUXE-LUXURY-SET-1.jpg\" alt=\"\" width=\"700\" height=\"700\" srcset=\"https:\/\/staging.venluxe.com\/wp-content\/uploads\/2020\/03\/5-VENLUXE-LUXURY-SET-1.jpg 700w, https:\/\/staging.venluxe.com\/wp-content\/uploads\/2020\/03\/5-VENLUXE-LUXURY-SET-1-300x300.jpg 300w, https:\/\/staging.venluxe.com\/wp-content\/uploads\/2020\/03\/5-VENLUXE-LUXURY-SET-1-100x100.jpg 100w, https:\/\/staging.venluxe.com\/wp-content\/uploads\/2020\/03\/5-VENLUXE-LUXURY-SET-1-600x600.jpg 600w, https:\/\/staging.venluxe.com\/wp-content\/uploads\/2020\/03\/5-VENLUXE-LUXURY-SET-1-150x150.jpg 150w\" sizes=\"(max-width: 700px) 100vw, 700px\" \/><\/h1>\n<p>&nbsp;<\/p>\n<h1 style=\"text-align: center;\">LUKSUSOWY ZESTAW DO KOLEKCJI KONTO<\/h1>\n<h1 style=\"text-align: center;\"><img decoding=\"async\" class=\"aligncenter size-full wp-image-3336\" src=\"https:\/\/venluxe.com\/wp-content\/uploads\/2019\/08\/Untitled-2.jpg\" alt=\"\" width=\"1200\" height=\"20\" srcset=\"https:\/\/staging.venluxe.com\/wp-content\/uploads\/2019\/08\/Untitled-2.jpg 1200w, https:\/\/staging.venluxe.com\/wp-content\/uploads\/2019\/08\/Untitled-2-600x10.jpg 600w, https:\/\/staging.venluxe.com\/wp-content\/uploads\/2019\/08\/Untitled-2-300x5.jpg 300w, https:\/\/staging.venluxe.com\/wp-content\/uploads\/2019\/08\/Untitled-2-1024x17.jpg 1024w, https:\/\/staging.venluxe.com\/wp-content\/uploads\/2019\/08\/Untitled-2-768x13.jpg 768w\" sizes=\"(max-width: 1200px) 100vw, 1200px\" \/><\/h1>","protected":false},"excerpt":{"rendered":"<h5><\/h5>\n<p><img loading=\"lazy\" decoding=\"async\" class=\"aligncenter size-full wp-image-2181\" src=\"https:\/\/venluxe.com\/wp-content\/uploads\/2019\/08\/Standard2.0.jpg\" alt=\"\" width=\"900\" height=\"219\" srcset=\"https:\/\/staging.venluxe.com\/wp-content\/uploads\/2019\/08\/Standard2.0.jpg 900w, https:\/\/staging.venluxe.com\/wp-content\/uploads\/2019\/08\/Standard2.0-600x146.jpg 600w, https:\/\/staging.venluxe.com\/wp-content\/uploads\/2019\/08\/Standard2.0-300x73.jpg 300w, https:\/\/staging.venluxe.com\/wp-content\/uploads\/2019\/08\/Standard2.0-768x187.jpg 768w\" sizes=\"(max-width: 900px) 100vw, 900px\" \/><\/p>\n<h5>\u2022 Ten zestaw p\u0119dzli zawiera wszystkie niezb\u0119dne p\u0119dzle potrzebne do uzupe\u0142nienia makija\u017cu.<br \/>\n\u2022 Wzboga\u0107 sw\u00f3j wygl\u0105d za pomoc\u0105 p\u0119dzli LUXURY SET \u2122, aby w ko\u0144cu uzyska\u0107 po\u017c\u0105dany wygl\u0105d.<br \/>\n\u2022 Te wysokiej jako\u015bci p\u0119dzle zosta\u0142y zaprojektowane z my\u015bl\u0105 o \u0142atwej aplikacji z czarnymi uchwytami z mi\u0119kkim dotykiem.<br \/>\n\u2022 Idealna kolekcja do wykonywania makija\u017cu jak profesjonalista.<\/h5>","protected":false},"featured_media":3307,"comment_status":"open","ping_status":"closed","template":"","meta":[],"product_brand":[],"product_cat":[67],"product_tag":[],"class_list":{"0":"post-3438","1":"product","2":"type-product","3":"status-publish","4":"has-post-thumbnail","6":"product_cat-makeup-and-beauty","8":"entry","9":"has-media","11":"first","12":"instock","13":"sale","14":"shipping-taxable","15":"purchasable","16":"product-type-simple","17":"has-rating","18":"col","19":"span_1_of_3","20":"owp-content-center","21":"item-entry","22":"owp-thumbs-layout-horizontal","23":"owp-btn-very-big","24":"owp-tabs-layout-section","25":"circle-sale"},"_links":{"self":[{"href":"https:\/\/staging.venluxe.com\/pl\/wp-json\/wp\/v2\/product\/3438","targetHints":{"allow":["GET"]}}],"collection":[{"href":"https:\/\/staging.venluxe.com\/pl\/wp-json\/wp\/v2\/product"}],"about":[{"href":"https:\/\/staging.venluxe.com\/pl\/wp-json\/wp\/v2\/types\/product"}],"replies":[{"embeddable":true,"href":"https:\/\/staging.venluxe.com\/pl\/wp-json\/wp\/v2\/comments?post=3438"}],"version-history":[{"count":0,"href":"https:\/\/staging.venluxe.com\/pl\/wp-json\/wp\/v2\/product\/3438\/revisions"}],"wp:featuredmedia":[{"embeddable":true,"href":"https:\/\/staging.venluxe.com\/pl\/wp-json\/wp\/v2\/media\/3307"}],"wp:attachment":[{"href":"https:\/\/staging.venluxe.com\/pl\/wp-json\/wp\/v2\/media?parent=3438"}],"wp:term":[{"taxonomy":"product_brand","embeddable":true,"href":"https:\/\/staging.venluxe.com\/pl\/wp-json\/wp\/v2\/product_brand?post=3438"},{"taxonomy":"product_cat","embeddable":true,"href":"https:\/\/staging.venluxe.com\/pl\/wp-json\/wp\/v2\/product_cat?post=3438"},{"taxonomy":"product_tag","embeddable":true,"href":"https:\/\/staging.venluxe.com\/pl\/wp-json\/wp\/v2\/product_tag?post=3438"}],"curies":[{"name":"wp","href":"https:\/\/api.w.org\/{rel}","templated":true}]}}