{"id":1191,"date":"2019-08-06T13:40:08","date_gmt":"2019-08-06T12:40:08","guid":{"rendered":"https:\/\/venluxe.com\/?post_type=product&#038;p=1191"},"modified":"2022-02-10T00:18:51","modified_gmt":"2022-02-09T23:18:51","slug":"ivoluxe-xtra-tan","status":"publish","type":"product","link":"https:\/\/staging.venluxe.com\/pl\/produkt\/ivoluxe-xtra-tan\/","title":{"rendered":"IVOLUXE\u00ae XTRA TAN"},"content":{"rendered":"<p><img fetchpriority=\"high\" decoding=\"async\" class=\"aligncenter size-full wp-image-2279\" src=\"https:\/\/venluxe.com\/wp-content\/uploads\/2019\/08\/1-IVOLUXE-XTRA-T-DESC.jpg\" alt=\"\" width=\"1200\" height=\"500\" srcset=\"https:\/\/staging.venluxe.com\/wp-content\/uploads\/2019\/08\/1-IVOLUXE-XTRA-T-DESC.jpg 1200w, https:\/\/staging.venluxe.com\/wp-content\/uploads\/2019\/08\/1-IVOLUXE-XTRA-T-DESC-600x250.jpg 600w, https:\/\/staging.venluxe.com\/wp-content\/uploads\/2019\/08\/1-IVOLUXE-XTRA-T-DESC-300x125.jpg 300w, https:\/\/staging.venluxe.com\/wp-content\/uploads\/2019\/08\/1-IVOLUXE-XTRA-T-DESC-768x320.jpg 768w, https:\/\/staging.venluxe.com\/wp-content\/uploads\/2019\/08\/1-IVOLUXE-XTRA-T-DESC-1024x427.jpg 1024w\" sizes=\"(max-width: 1200px) 100vw, 1200px\" \/><\/p>\n<p><img decoding=\"async\" class=\"aligncenter size-full wp-image-2280\" src=\"https:\/\/venluxe.com\/wp-content\/uploads\/2019\/08\/2-IVOLUXE-XTRA-T-DESC-2.jpg\" alt=\"\" width=\"1200\" height=\"500\" srcset=\"https:\/\/staging.venluxe.com\/wp-content\/uploads\/2019\/08\/2-IVOLUXE-XTRA-T-DESC-2.jpg 1200w, https:\/\/staging.venluxe.com\/wp-content\/uploads\/2019\/08\/2-IVOLUXE-XTRA-T-DESC-2-600x250.jpg 600w, https:\/\/staging.venluxe.com\/wp-content\/uploads\/2019\/08\/2-IVOLUXE-XTRA-T-DESC-2-300x125.jpg 300w, https:\/\/staging.venluxe.com\/wp-content\/uploads\/2019\/08\/2-IVOLUXE-XTRA-T-DESC-2-768x320.jpg 768w, https:\/\/staging.venluxe.com\/wp-content\/uploads\/2019\/08\/2-IVOLUXE-XTRA-T-DESC-2-1024x427.jpg 1024w\" sizes=\"(max-width: 1200px) 100vw, 1200px\" \/> <img decoding=\"async\" class=\"aligncenter size-full wp-image-2281\" src=\"https:\/\/venluxe.com\/wp-content\/uploads\/2019\/08\/3-IVOLUXE-XTRA-T-DESC-2.jpg\" alt=\"\" width=\"1200\" height=\"500\" srcset=\"https:\/\/staging.venluxe.com\/wp-content\/uploads\/2019\/08\/3-IVOLUXE-XTRA-T-DESC-2.jpg 1200w, https:\/\/staging.venluxe.com\/wp-content\/uploads\/2019\/08\/3-IVOLUXE-XTRA-T-DESC-2-600x250.jpg 600w, https:\/\/staging.venluxe.com\/wp-content\/uploads\/2019\/08\/3-IVOLUXE-XTRA-T-DESC-2-300x125.jpg 300w, https:\/\/staging.venluxe.com\/wp-content\/uploads\/2019\/08\/3-IVOLUXE-XTRA-T-DESC-2-768x320.jpg 768w, https:\/\/staging.venluxe.com\/wp-content\/uploads\/2019\/08\/3-IVOLUXE-XTRA-T-DESC-2-1024x427.jpg 1024w\" sizes=\"(max-width: 1200px) 100vw, 1200px\" \/> <img loading=\"lazy\" decoding=\"async\" class=\"aligncenter size-full wp-image-2282\" src=\"https:\/\/venluxe.com\/wp-content\/uploads\/2019\/08\/4-IVOLUXE-XTRA-T-DESC-2.jpg\" alt=\"\" width=\"1200\" height=\"500\" srcset=\"https:\/\/staging.venluxe.com\/wp-content\/uploads\/2019\/08\/4-IVOLUXE-XTRA-T-DESC-2.jpg 1200w, https:\/\/staging.venluxe.com\/wp-content\/uploads\/2019\/08\/4-IVOLUXE-XTRA-T-DESC-2-600x250.jpg 600w, https:\/\/staging.venluxe.com\/wp-content\/uploads\/2019\/08\/4-IVOLUXE-XTRA-T-DESC-2-300x125.jpg 300w, https:\/\/staging.venluxe.com\/wp-content\/uploads\/2019\/08\/4-IVOLUXE-XTRA-T-DESC-2-768x320.jpg 768w, https:\/\/staging.venluxe.com\/wp-content\/uploads\/2019\/08\/4-IVOLUXE-XTRA-T-DESC-2-1024x427.jpg 1024w\" sizes=\"(max-width: 1200px) 100vw, 1200px\" \/> <img loading=\"lazy\" decoding=\"async\" class=\"aligncenter size-full wp-image-2283\" src=\"https:\/\/venluxe.com\/wp-content\/uploads\/2019\/08\/5-IVOLUXE-XTRA-T-DESC-2.jpg\" alt=\"\" width=\"1200\" height=\"500\" srcset=\"https:\/\/staging.venluxe.com\/wp-content\/uploads\/2019\/08\/5-IVOLUXE-XTRA-T-DESC-2.jpg 1200w, https:\/\/staging.venluxe.com\/wp-content\/uploads\/2019\/08\/5-IVOLUXE-XTRA-T-DESC-2-600x250.jpg 600w, https:\/\/staging.venluxe.com\/wp-content\/uploads\/2019\/08\/5-IVOLUXE-XTRA-T-DESC-2-300x125.jpg 300w, https:\/\/staging.venluxe.com\/wp-content\/uploads\/2019\/08\/5-IVOLUXE-XTRA-T-DESC-2-768x320.jpg 768w, https:\/\/staging.venluxe.com\/wp-content\/uploads\/2019\/08\/5-IVOLUXE-XTRA-T-DESC-2-1024x427.jpg 1024w\" sizes=\"(max-width: 1200px) 100vw, 1200px\" \/> <img loading=\"lazy\" decoding=\"async\" class=\"aligncenter size-full wp-image-2284\" src=\"https:\/\/venluxe.com\/wp-content\/uploads\/2019\/08\/6-IVOLUXE-XTRA-T-DESC-2.jpg\" alt=\"\" width=\"1200\" height=\"500\" srcset=\"https:\/\/staging.venluxe.com\/wp-content\/uploads\/2019\/08\/6-IVOLUXE-XTRA-T-DESC-2.jpg 1200w, https:\/\/staging.venluxe.com\/wp-content\/uploads\/2019\/08\/6-IVOLUXE-XTRA-T-DESC-2-600x250.jpg 600w, https:\/\/staging.venluxe.com\/wp-content\/uploads\/2019\/08\/6-IVOLUXE-XTRA-T-DESC-2-300x125.jpg 300w, https:\/\/staging.venluxe.com\/wp-content\/uploads\/2019\/08\/6-IVOLUXE-XTRA-T-DESC-2-768x320.jpg 768w, https:\/\/staging.venluxe.com\/wp-content\/uploads\/2019\/08\/6-IVOLUXE-XTRA-T-DESC-2-1024x427.jpg 1024w\" sizes=\"(max-width: 1200px) 100vw, 1200px\" \/><\/p>","protected":false},"excerpt":{"rendered":"<h5><img loading=\"lazy\" decoding=\"async\" class=\"aligncenter size-full wp-image-2185\" src=\"https:\/\/venluxe.com\/wp-content\/uploads\/2019\/08\/Freeshipping2.jpg\" alt=\"\" width=\"148\" height=\"103\" \/> <img loading=\"lazy\" decoding=\"async\" class=\"aligncenter size-full wp-image-2181\" src=\"https:\/\/venluxe.com\/wp-content\/uploads\/2019\/08\/Standard2.0.jpg\" alt=\"\" width=\"900\" height=\"219\" srcset=\"https:\/\/staging.venluxe.com\/wp-content\/uploads\/2019\/08\/Standard2.0.jpg 900w, https:\/\/staging.venluxe.com\/wp-content\/uploads\/2019\/08\/Standard2.0-600x146.jpg 600w, https:\/\/staging.venluxe.com\/wp-content\/uploads\/2019\/08\/Standard2.0-300x73.jpg 300w, https:\/\/staging.venluxe.com\/wp-content\/uploads\/2019\/08\/Standard2.0-768x187.jpg 768w\" sizes=\"(max-width: 900px) 100vw, 900px\" \/><\/h5>\n<h5 style=\"text-align: left;\">\u2022 XTRA TAN zegarek z aspektem bronzera, prawdziwe arcydzie\u0142o.<\/h5>\n<h5 style=\"text-align: left;\">\u2022 Metale szlachetne, stal nierdzewna, ceramika Poniewa\u017c wa\u017cny jest wyb\u00f3r materia\u0142\u00f3w.<\/h5>\n<h5 style=\"text-align: left;\">\u2022 Sk\u00f3rzane bransoletki to w pe\u0142ni wyj\u0105tkowa przyjemno\u015b\u0107 noszenia zegarka IVOLUXE\u00ae.<\/h5>\n<h5 style=\"text-align: left;\">\u2022 Minimalistyczny wygl\u0105d, jako\u015b\u0107 i fachowo zbadana ergonomia, solidno\u015b\u0107 i niezawodno\u015b\u0107.<\/h5>\n<h5 style=\"text-align: left;\">\u2022 Estetyka zegarka jest integraln\u0105 cz\u0119\u015bci\u0105 jego wyj\u0105tkowej osobowo\u015bci.<\/h5>","protected":false},"featured_media":2275,"comment_status":"open","ping_status":"closed","template":"","meta":[],"product_brand":[],"product_cat":[22,64],"product_tag":[130,131,132],"class_list":{"0":"post-1191","1":"product","2":"type-product","3":"status-publish","4":"has-post-thumbnail","6":"product_cat-watches","7":"product_cat-watches-men","8":"product_tag-ivoluxe-xtra-tan","9":"product_tag-montre-ivoluxe","10":"product_tag-montre-ivoluxe-xtra","12":"entry","13":"has-media","15":"first","16":"instock","17":"shipping-taxable","18":"purchasable","19":"product-type-simple","20":"has-rating","21":"col","22":"span_1_of_3","23":"owp-content-center","24":"item-entry","25":"owp-thumbs-layout-horizontal","26":"owp-btn-very-big","27":"owp-tabs-layout-section","28":"circle-sale"},"_links":{"self":[{"href":"https:\/\/staging.venluxe.com\/pl\/wp-json\/wp\/v2\/product\/1191","targetHints":{"allow":["GET"]}}],"collection":[{"href":"https:\/\/staging.venluxe.com\/pl\/wp-json\/wp\/v2\/product"}],"about":[{"href":"https:\/\/staging.venluxe.com\/pl\/wp-json\/wp\/v2\/types\/product"}],"replies":[{"embeddable":true,"href":"https:\/\/staging.venluxe.com\/pl\/wp-json\/wp\/v2\/comments?post=1191"}],"version-history":[{"count":0,"href":"https:\/\/staging.venluxe.com\/pl\/wp-json\/wp\/v2\/product\/1191\/revisions"}],"wp:featuredmedia":[{"embeddable":true,"href":"https:\/\/staging.venluxe.com\/pl\/wp-json\/wp\/v2\/media\/2275"}],"wp:attachment":[{"href":"https:\/\/staging.venluxe.com\/pl\/wp-json\/wp\/v2\/media?parent=1191"}],"wp:term":[{"taxonomy":"product_brand","embeddable":true,"href":"https:\/\/staging.venluxe.com\/pl\/wp-json\/wp\/v2\/product_brand?post=1191"},{"taxonomy":"product_cat","embeddable":true,"href":"https:\/\/staging.venluxe.com\/pl\/wp-json\/wp\/v2\/product_cat?post=1191"},{"taxonomy":"product_tag","embeddable":true,"href":"https:\/\/staging.venluxe.com\/pl\/wp-json\/wp\/v2\/product_tag?post=1191"}],"curies":[{"name":"wp","href":"https:\/\/api.w.org\/{rel}","templated":true}]}}