{"id":1274,"date":"2019-08-17T14:09:46","date_gmt":"2019-08-17T13:09:46","guid":{"rendered":"https:\/\/venluxe.com\/?post_type=product&#038;p=1274"},"modified":"2022-06-08T00:19:42","modified_gmt":"2022-06-07T23:19:42","slug":"cils-carina","status":"publish","type":"product","link":"https:\/\/staging.venluxe.com\/it\/prodotto\/cils-carina\/","title":{"rendered":"VENLUXE\u00ae CILS CARINA"},"content":{"rendered":"<p><img fetchpriority=\"high\" decoding=\"async\" class=\"wp-image-4684 size-full alignleft\" src=\"https:\/\/venluxe.com\/wp-content\/uploads\/2019\/08\/1-Desc-Venluxe-cils-carina-.jpg\" alt=\"\" width=\"700\" height=\"700\" srcset=\"https:\/\/staging.venluxe.com\/wp-content\/uploads\/2019\/08\/1-Desc-Venluxe-cils-carina-.jpg 700w, https:\/\/staging.venluxe.com\/wp-content\/uploads\/2019\/08\/1-Desc-Venluxe-cils-carina--300x300.jpg 300w, https:\/\/staging.venluxe.com\/wp-content\/uploads\/2019\/08\/1-Desc-Venluxe-cils-carina--100x100.jpg 100w, https:\/\/staging.venluxe.com\/wp-content\/uploads\/2019\/08\/1-Desc-Venluxe-cils-carina--600x600.jpg 600w, https:\/\/staging.venluxe.com\/wp-content\/uploads\/2019\/08\/1-Desc-Venluxe-cils-carina--150x150.jpg 150w\" sizes=\"(max-width: 700px) 100vw, 700px\" \/><\/p>\n<h1><\/h1>\n<p>&nbsp;<\/p>\n<h1 style=\"text-align: center;\">VIENI A CONOSCERE CON LE NOSTRE CIGLIA CILS CARINA<\/h1>\n<p style=\"text-align: center;\"><strong>Quantit\u00e0<\/strong>: Scatola di <strong>3 paia<\/strong> (6 pezzi)<\/p>\n<p style=\"text-align: center;\"><strong>Volume<\/strong>: Medio naturale<\/p>\n<p style=\"text-align: center;\"><strong>Lunghezza<\/strong>: 4-11 mm<\/p>\n<p style=\"text-align: center;\"><strong>Materiale<\/strong>: Fiber &#8211; Cotton<\/p>\n<p style=\"text-align: center;\"><strong>Periodo di usura<\/strong>: Multiuso (60-100 volte)<\/p>\n<p style=\"text-align: center;\"><strong>Tubo di colla<\/strong>: 7 grammi<\/p>\n<p style=\"text-align: center;\"><strong>Facile applicazione in 5 secondi<\/strong><\/p>\n<p style=\"text-align: center;\"><img decoding=\"async\" class=\"aligncenter size-full wp-image-3336\" src=\"https:\/\/venluxe.com\/wp-content\/uploads\/2019\/08\/Untitled-2.jpg\" alt=\"\" width=\"1200\" height=\"20\" srcset=\"https:\/\/staging.venluxe.com\/wp-content\/uploads\/2019\/08\/Untitled-2.jpg 1200w, https:\/\/staging.venluxe.com\/wp-content\/uploads\/2019\/08\/Untitled-2-600x10.jpg 600w, https:\/\/staging.venluxe.com\/wp-content\/uploads\/2019\/08\/Untitled-2-300x5.jpg 300w, https:\/\/staging.venluxe.com\/wp-content\/uploads\/2019\/08\/Untitled-2-1024x17.jpg 1024w, https:\/\/staging.venluxe.com\/wp-content\/uploads\/2019\/08\/Untitled-2-768x13.jpg 768w\" sizes=\"(max-width: 1200px) 100vw, 1200px\" \/><\/p>\n<p class=\"Heading light\" style=\"text-align: center;\"><img decoding=\"async\" class=\"alignright\" src=\"https:\/\/media.giphy.com\/media\/sZ6abRApJaGNRJqhBL\/giphy.gif\" alt=\"\" width=\"700\" height=\"700\" \/><\/p>\n<h2 class=\"Heading light\" style=\"text-align: center;\">.<\/h2>\n<h2 class=\"Heading light\" style=\"text-align: center;\">GUARDA E SENTI<\/h2>\n<h1 class=\"Heading u-h2\" style=\"text-align: center;\">NATURALE E LEGGERO<\/h1>\n<p style=\"text-align: center;\">Le nostre Cils \u2122 sono le ciglia sintetiche dall&#039;aspetto pi\u00f9 naturale, realizzate con una miscela di fibre sintetiche ultra fini. Rispetto alle estensioni delle ciglia, le nostre ciglia finte sono pi\u00f9 sicure, pi\u00f9 belle e pi\u00f9 convenienti. Metti qualsiasi paio al mattino e toglili di notte.<\/p>\n<h3 style=\"text-align: center;\"><strong>ULTRA FACILE DA APPLICARE E RIMUOVERE<\/strong><\/h3>\n<p>&nbsp;<\/p>\n<p><img loading=\"lazy\" decoding=\"async\" class=\"size-full wp-image-3336 aligncenter\" src=\"https:\/\/venluxe.com\/wp-content\/uploads\/2019\/08\/Untitled-2.jpg\" alt=\"\" width=\"1200\" height=\"20\" srcset=\"https:\/\/staging.venluxe.com\/wp-content\/uploads\/2019\/08\/Untitled-2.jpg 1200w, https:\/\/staging.venluxe.com\/wp-content\/uploads\/2019\/08\/Untitled-2-600x10.jpg 600w, https:\/\/staging.venluxe.com\/wp-content\/uploads\/2019\/08\/Untitled-2-300x5.jpg 300w, https:\/\/staging.venluxe.com\/wp-content\/uploads\/2019\/08\/Untitled-2-1024x17.jpg 1024w, https:\/\/staging.venluxe.com\/wp-content\/uploads\/2019\/08\/Untitled-2-768x13.jpg 768w\" sizes=\"(max-width: 1200px) 100vw, 1200px\" \/><\/p>\n<p><img loading=\"lazy\" decoding=\"async\" class=\"wp-image-4626 size-full alignleft\" src=\"https:\/\/venluxe.com\/wp-content\/uploads\/2019\/08\/Rounded-500px.jpg\" alt=\"\" width=\"700\" height=\"700\" srcset=\"https:\/\/staging.venluxe.com\/wp-content\/uploads\/2019\/08\/Rounded-500px.jpg 700w, https:\/\/staging.venluxe.com\/wp-content\/uploads\/2019\/08\/Rounded-500px-300x300.jpg 300w, https:\/\/staging.venluxe.com\/wp-content\/uploads\/2019\/08\/Rounded-500px-100x100.jpg 100w, https:\/\/staging.venluxe.com\/wp-content\/uploads\/2019\/08\/Rounded-500px-600x600.jpg 600w, https:\/\/staging.venluxe.com\/wp-content\/uploads\/2019\/08\/Rounded-500px-150x150.jpg 150w\" sizes=\"(max-width: 700px) 100vw, 700px\" \/><\/p>\n<p>&nbsp;<\/p>\n<h2 class=\"Heading light\" style=\"text-align: center;\">FACILE DA INDOSSARE<\/h2>\n<h1 class=\"Heading u-h2\" style=\"text-align: center;\">SI APPLICA IN MODO EFFICACE<\/h1>\n<p style=\"text-align: center;\">Realizzate a mano con una morbida fascia di cotone, le nostre ciglia sono super flessibili e facili da applicare, anche per i principianti.<\/p>\n<p style=\"text-align: center;\">Cils Carina \u2122 ti dar\u00e0 un aspetto naturale ma aggiunge uno scintillio vivace ai tuoi occhi con la sua stratificazione giocosa di lunghezze. \u00c8 uno stile dolce e familiare con un po &#039;di calcio.<\/p>\n<p>&nbsp;<\/p>\n<p style=\"text-align: center;\"><img loading=\"lazy\" decoding=\"async\" class=\"size-full wp-image-3336 aligncenter\" src=\"https:\/\/venluxe.com\/wp-content\/uploads\/2019\/08\/Untitled-2.jpg\" alt=\"\" width=\"1200\" height=\"20\" srcset=\"https:\/\/staging.venluxe.com\/wp-content\/uploads\/2019\/08\/Untitled-2.jpg 1200w, https:\/\/staging.venluxe.com\/wp-content\/uploads\/2019\/08\/Untitled-2-600x10.jpg 600w, https:\/\/staging.venluxe.com\/wp-content\/uploads\/2019\/08\/Untitled-2-300x5.jpg 300w, https:\/\/staging.venluxe.com\/wp-content\/uploads\/2019\/08\/Untitled-2-1024x17.jpg 1024w, https:\/\/staging.venluxe.com\/wp-content\/uploads\/2019\/08\/Untitled-2-768x13.jpg 768w\" sizes=\"(max-width: 1200px) 100vw, 1200px\" \/><\/p>\n<p><img loading=\"lazy\" decoding=\"async\" class=\"alignright wp-image-4627 size-full\" src=\"https:\/\/venluxe.com\/wp-content\/uploads\/2019\/08\/Venluxe-cils-Carina-3.jpg\" alt=\"\" width=\"700\" height=\"700\" srcset=\"https:\/\/staging.venluxe.com\/wp-content\/uploads\/2019\/08\/Venluxe-cils-Carina-3.jpg 700w, https:\/\/staging.venluxe.com\/wp-content\/uploads\/2019\/08\/Venluxe-cils-Carina-3-300x300.jpg 300w, https:\/\/staging.venluxe.com\/wp-content\/uploads\/2019\/08\/Venluxe-cils-Carina-3-100x100.jpg 100w, https:\/\/staging.venluxe.com\/wp-content\/uploads\/2019\/08\/Venluxe-cils-Carina-3-600x600.jpg 600w, https:\/\/staging.venluxe.com\/wp-content\/uploads\/2019\/08\/Venluxe-cils-Carina-3-150x150.jpg 150w\" sizes=\"(max-width: 700px) 100vw, 700px\" \/><\/p>\n<p>&nbsp;<\/p>\n<h2 class=\"Heading light\" style=\"text-align: center;\">MATERIALI PREMIUM<\/h2>\n<h1 class=\"Heading u-h2\" style=\"text-align: center;\">RESILIENTE E RIUTILIZZABILE<\/h1>\n<p style=\"text-align: center;\">Ogni paio di ciglia Venluxe \u00e8 stato meticolosamente realizzato a mano per essere incredibilmente resistente e indossato pi\u00f9 volte. D\u00ec addio ai falsi usa e getta usa e getta.<\/p>\n<p style=\"text-align: center;\">Goditi il tuo nuovo look come mai prima d&#039;ora.<img loading=\"lazy\" decoding=\"async\" class=\"size-full wp-image-3336 aligncenter\" src=\"https:\/\/venluxe.com\/wp-content\/uploads\/2019\/08\/Untitled-2.jpg\" alt=\"\" width=\"1200\" height=\"20\" srcset=\"https:\/\/staging.venluxe.com\/wp-content\/uploads\/2019\/08\/Untitled-2.jpg 1200w, https:\/\/staging.venluxe.com\/wp-content\/uploads\/2019\/08\/Untitled-2-600x10.jpg 600w, https:\/\/staging.venluxe.com\/wp-content\/uploads\/2019\/08\/Untitled-2-300x5.jpg 300w, https:\/\/staging.venluxe.com\/wp-content\/uploads\/2019\/08\/Untitled-2-1024x17.jpg 1024w, https:\/\/staging.venluxe.com\/wp-content\/uploads\/2019\/08\/Untitled-2-768x13.jpg 768w\" sizes=\"(max-width: 1200px) 100vw, 1200px\" \/><\/p>","protected":false},"excerpt":{"rendered":"<h3><img loading=\"lazy\" decoding=\"async\" class=\"size-full wp-image-7594 aligncenter\" src=\"https:\/\/staging.venluxe.com\/wp-content\/uploads\/2020\/07\/Montage-Venluxe-Eyelashes-EN.png\" alt=\"\" width=\"650\" height=\"293\" srcset=\"https:\/\/staging.venluxe.com\/wp-content\/uploads\/2020\/07\/Montage-Venluxe-Eyelashes-EN.png 650w, https:\/\/staging.venluxe.com\/wp-content\/uploads\/2020\/07\/Montage-Venluxe-Eyelashes-EN-600x270.png 600w, https:\/\/staging.venluxe.com\/wp-content\/uploads\/2020\/07\/Montage-Venluxe-Eyelashes-EN-300x135.png 300w, https:\/\/staging.venluxe.com\/wp-content\/uploads\/2020\/07\/Montage-Venluxe-Eyelashes-EN-16x7.png 16w\" sizes=\"(max-width: 650px) 100vw, 650px\" \/><\/h3>\n<h3><img decoding=\"async\" class=\"alignleft wp-image-4607\" src=\"https:\/\/venluxe.com\/wp-content\/uploads\/2019\/08\/eyelash-icon.svg\" alt=\"\" width=\"42\" \/><\/h3>\n<h3><strong>Aspetto ultra naturale<\/strong><\/h3>\n<p>&nbsp;<\/p>\n<h3><img decoding=\"async\" class=\"alignleft wp-image-4606\" src=\"https:\/\/venluxe.com\/wp-content\/uploads\/2019\/08\/feather-icon.svg\" alt=\"\" width=\"42\" \/><strong>Leggero e confortevole<\/strong><\/h3>\n<p>&nbsp;<\/p>\n<h3><strong><img decoding=\"async\" class=\"alignleft wp-image-4609\" src=\"https:\/\/venluxe.com\/wp-content\/uploads\/2019\/08\/curler-icon.svg\" alt=\"\" width=\"42\" \/><\/strong><strong>Facile da applicare<\/strong><\/h3>\n<p>&nbsp;<\/p>\n<h3><a href=\"https:\/\/venluxe.com\/wp-content\/uploads\/2019\/08\/time-icon.svg\"><img decoding=\"async\" class=\"alignleft wp-image-4608\" src=\"https:\/\/venluxe.com\/wp-content\/uploads\/2019\/08\/time-icon.svg\" alt=\"\" width=\"42\" \/><\/a><\/h3>\n<h3><strong>Indossa pi\u00f9<\/strong><\/h3>","protected":false},"featured_media":4687,"comment_status":"open","ping_status":"closed","template":"","meta":[],"product_brand":[],"product_cat":[67],"product_tag":[],"class_list":{"0":"post-1274","1":"product","2":"type-product","3":"status-publish","4":"has-post-thumbnail","6":"product_cat-makeup-and-beauty","8":"entry","9":"has-media","11":"first","12":"instock","13":"sale","14":"shipping-taxable","15":"purchasable","16":"product-type-variable","17":"has-default-attributes","18":"has-rating","19":"col","20":"span_1_of_3","21":"owp-content-center","22":"item-entry","23":"owp-thumbs-layout-horizontal","24":"owp-btn-very-big","25":"owp-tabs-layout-section","26":"circle-sale"},"_links":{"self":[{"href":"https:\/\/staging.venluxe.com\/it\/wp-json\/wp\/v2\/product\/1274","targetHints":{"allow":["GET"]}}],"collection":[{"href":"https:\/\/staging.venluxe.com\/it\/wp-json\/wp\/v2\/product"}],"about":[{"href":"https:\/\/staging.venluxe.com\/it\/wp-json\/wp\/v2\/types\/product"}],"replies":[{"embeddable":true,"href":"https:\/\/staging.venluxe.com\/it\/wp-json\/wp\/v2\/comments?post=1274"}],"version-history":[{"count":0,"href":"https:\/\/staging.venluxe.com\/it\/wp-json\/wp\/v2\/product\/1274\/revisions"}],"wp:featuredmedia":[{"embeddable":true,"href":"https:\/\/staging.venluxe.com\/it\/wp-json\/wp\/v2\/media\/4687"}],"wp:attachment":[{"href":"https:\/\/staging.venluxe.com\/it\/wp-json\/wp\/v2\/media?parent=1274"}],"wp:term":[{"taxonomy":"product_brand","embeddable":true,"href":"https:\/\/staging.venluxe.com\/it\/wp-json\/wp\/v2\/product_brand?post=1274"},{"taxonomy":"product_cat","embeddable":true,"href":"https:\/\/staging.venluxe.com\/it\/wp-json\/wp\/v2\/product_cat?post=1274"},{"taxonomy":"product_tag","embeddable":true,"href":"https:\/\/staging.venluxe.com\/it\/wp-json\/wp\/v2\/product_tag?post=1274"}],"curies":[{"name":"wp","href":"https:\/\/api.w.org\/{rel}","templated":true}]}}