{"id":3058,"date":"2020-01-27T16:08:47","date_gmt":"2020-01-27T15:08:47","guid":{"rendered":"https:\/\/venluxe.com\/?post_type=product&#038;p=3058"},"modified":"2022-04-27T01:46:53","modified_gmt":"2022-04-27T00:46:53","slug":"supershield-magnet-iphone","status":"publish","type":"product","link":"https:\/\/staging.venluxe.com\/es\/producto\/supershield-magnet-iphone\/","title":{"rendered":"VENLUXE\u00ae SUPERSHIELD MAGNET IPHONE"},"content":{"rendered":"<p><img fetchpriority=\"high\" decoding=\"async\" class=\"alignleft wp-image-3459\" src=\"https:\/\/venluxe.com\/wp-content\/uploads\/2020\/01\/LUXURY-SET-IPHONE-3D-600.jpg\" alt=\"\" width=\"700\" height=\"700\" srcset=\"https:\/\/staging.venluxe.com\/wp-content\/uploads\/2020\/01\/LUXURY-SET-IPHONE-3D-600.jpg 600w, https:\/\/staging.venluxe.com\/wp-content\/uploads\/2020\/01\/LUXURY-SET-IPHONE-3D-600-300x300.jpg 300w, https:\/\/staging.venluxe.com\/wp-content\/uploads\/2020\/01\/LUXURY-SET-IPHONE-3D-600-100x100.jpg 100w, https:\/\/staging.venluxe.com\/wp-content\/uploads\/2020\/01\/LUXURY-SET-IPHONE-3D-600-150x150.jpg 150w\" sizes=\"(max-width: 700px) 100vw, 700px\" \/><\/p>\n<p>&nbsp;<\/p>\n<p>&nbsp;<\/p>\n<h1 style=\"text-align: center;\">CONOZCA CON IPHONE SUPERSHIELD MAGNET<\/h1>\n<p>&nbsp;<\/p>\n<p style=\"text-align: center;\"><strong>Proteccion<\/strong> : 100% completo<\/p>\n<p style=\"text-align: center;\"><strong>Anti-rasgu\u00f1os<\/strong>: \u221a S\u00ed<\/p>\n<p style=\"text-align: center;\"><strong>A prueba de choques<\/strong>: \u221a S\u00ed<\/p>\n<p style=\"text-align: center;\"><strong>Anti humedad<\/strong>: \u221a S\u00ed<\/p>\n<p style=\"text-align: center;\"><strong>Transparencia<\/strong>: \u221a S\u00ed<\/p>\n<p style=\"text-align: center;\"><strong>Sensibilidad t\u00e1ctil<\/strong> : 100% operacional<\/p>\n<p style=\"text-align: center;\"><strong>Material<\/strong>: Aluminio Premium + PET<\/p>\n<p style=\"text-align: center;\"><strong>NUEVA TECNOLOG\u00cdA MAGNET +<\/strong><\/p>\n<p><img decoding=\"async\" class=\"size-full wp-image-3336 aligncenter\" src=\"https:\/\/venluxe.com\/wp-content\/uploads\/2019\/08\/Untitled-2.jpg\" alt=\"\" width=\"1200\" height=\"20\" srcset=\"https:\/\/staging.venluxe.com\/wp-content\/uploads\/2019\/08\/Untitled-2.jpg 1200w, https:\/\/staging.venluxe.com\/wp-content\/uploads\/2019\/08\/Untitled-2-600x10.jpg 600w, https:\/\/staging.venluxe.com\/wp-content\/uploads\/2019\/08\/Untitled-2-300x5.jpg 300w, https:\/\/staging.venluxe.com\/wp-content\/uploads\/2019\/08\/Untitled-2-1024x17.jpg 1024w, https:\/\/staging.venluxe.com\/wp-content\/uploads\/2019\/08\/Untitled-2-768x13.jpg 768w\" sizes=\"(max-width: 1200px) 100vw, 1200px\" \/><\/p>\n<p><img decoding=\"async\" class=\"alignright wp-image-3288\" src=\"https:\/\/venluxe.com\/wp-content\/uploads\/2020\/01\/VENLUXE-MAGNET-OFF.jpg\" alt=\"\" width=\"700\" height=\"700\" srcset=\"https:\/\/staging.venluxe.com\/wp-content\/uploads\/2020\/01\/VENLUXE-MAGNET-OFF.jpg 600w, https:\/\/staging.venluxe.com\/wp-content\/uploads\/2020\/01\/VENLUXE-MAGNET-OFF-300x300.jpg 300w, https:\/\/staging.venluxe.com\/wp-content\/uploads\/2020\/01\/VENLUXE-MAGNET-OFF-100x100.jpg 100w, https:\/\/staging.venluxe.com\/wp-content\/uploads\/2020\/01\/VENLUXE-MAGNET-OFF-150x150.jpg 150w\" sizes=\"(max-width: 700px) 100vw, 700px\" \/><\/p>\n<p>&nbsp;<\/p>\n<p>&nbsp;<\/p>\n<h1 style=\"text-align: center;\"><strong> VIDRIO TEMPLADO DOBLE CARA 9H<\/strong><\/h1>\n<p style=\"text-align: center;\"><strong>Funciona con iPhone de Apple<\/strong>: El protector de pantalla es totalmente compatible con la tecnolog\u00eda 3D-Touch para iPhone.<\/p>\n<p><img loading=\"lazy\" decoding=\"async\" class=\"aligncenter size-full wp-image-3336\" src=\"https:\/\/venluxe.com\/wp-content\/uploads\/2019\/08\/Untitled-2.jpg\" alt=\"\" width=\"1200\" height=\"20\" srcset=\"https:\/\/staging.venluxe.com\/wp-content\/uploads\/2019\/08\/Untitled-2.jpg 1200w, https:\/\/staging.venluxe.com\/wp-content\/uploads\/2019\/08\/Untitled-2-600x10.jpg 600w, https:\/\/staging.venluxe.com\/wp-content\/uploads\/2019\/08\/Untitled-2-300x5.jpg 300w, https:\/\/staging.venluxe.com\/wp-content\/uploads\/2019\/08\/Untitled-2-1024x17.jpg 1024w, https:\/\/staging.venluxe.com\/wp-content\/uploads\/2019\/08\/Untitled-2-768x13.jpg 768w\" sizes=\"(max-width: 1200px) 100vw, 1200px\" \/><\/p>\n<p style=\"text-align: center;\"><img loading=\"lazy\" decoding=\"async\" class=\"alignleft wp-image-3466\" src=\"https:\/\/venluxe.com\/wp-content\/uploads\/2020\/04\/VENLUXE-SUPERSHIELD-MAGNET-IPHONE-GIF.gif\" alt=\"\" width=\"700\" height=\"700\" srcset=\"https:\/\/staging.venluxe.com\/wp-content\/uploads\/2020\/04\/VENLUXE-SUPERSHIELD-MAGNET-IPHONE-GIF.gif 480w, https:\/\/staging.venluxe.com\/wp-content\/uploads\/2020\/04\/VENLUXE-SUPERSHIELD-MAGNET-IPHONE-GIF-300x300.gif 300w, https:\/\/staging.venluxe.com\/wp-content\/uploads\/2020\/04\/VENLUXE-SUPERSHIELD-MAGNET-IPHONE-GIF-100x100.gif 100w\" sizes=\"(max-width: 700px) 100vw, 700px\" \/><\/p>\n<p>&nbsp;<\/p>\n<p>&nbsp;<\/p>\n<h1 style=\"text-align: center;\"><strong> F\u00c1CIL INSTALACI\u00d3N<\/strong><\/h1>\n<p style=\"text-align: center;\">Le prometemos una instalaci\u00f3n s\u00faper f\u00e1cil, sin arco\u00edris, halo,<\/p>\n<p style=\"text-align: center;\">sin frustraci\u00f3n y sin burbujas que dejar\u00e1n su protector perfectamente perfilado en su tel\u00e9fono,<\/p>\n<p style=\"text-align: center;\">incluso si no tienes experiencia en instalaci\u00f3n.<\/p>\n<p><img loading=\"lazy\" decoding=\"async\" class=\"aligncenter size-full wp-image-3336\" src=\"https:\/\/venluxe.com\/wp-content\/uploads\/2019\/08\/Untitled-2.jpg\" alt=\"\" width=\"1200\" height=\"20\" srcset=\"https:\/\/staging.venluxe.com\/wp-content\/uploads\/2019\/08\/Untitled-2.jpg 1200w, https:\/\/staging.venluxe.com\/wp-content\/uploads\/2019\/08\/Untitled-2-600x10.jpg 600w, https:\/\/staging.venluxe.com\/wp-content\/uploads\/2019\/08\/Untitled-2-300x5.jpg 300w, https:\/\/staging.venluxe.com\/wp-content\/uploads\/2019\/08\/Untitled-2-1024x17.jpg 1024w, https:\/\/staging.venluxe.com\/wp-content\/uploads\/2019\/08\/Untitled-2-768x13.jpg 768w\" sizes=\"(max-width: 1200px) 100vw, 1200px\" \/><\/p>\n<p><strong style=\"text-align: center;\"><img loading=\"lazy\" decoding=\"async\" class=\"alignright wp-image-3469\" src=\"https:\/\/venluxe.com\/wp-content\/uploads\/2020\/04\/VENLUXE-SUPERSHIELD-MAGNET-IPHONE-GIF2-1.gif\" alt=\"\" width=\"700\" height=\"700\" \/><\/strong><\/p>\n<p>&nbsp;<\/p>\n<p>&nbsp;<\/p>\n<h1 style=\"text-align: center;\">PROTECCION DIARIA<\/h1>\n<p style=\"text-align: center;\">Dise\u00f1ado con revestimiento hidrof\u00f3bico (repelente al agua) y ole\u00f3fobo (repelente al aceite)<\/p>\n<p style=\"text-align: center;\">y una superficie resistente a los ara\u00f1azos para proteger su pantalla de derrames accidentales,<\/p>\n<p style=\"text-align: center;\">huellas digitales, rasgu\u00f1os y desgaste diario.<\/p>\n<p><img loading=\"lazy\" decoding=\"async\" class=\"aligncenter size-full wp-image-3336\" src=\"https:\/\/venluxe.com\/wp-content\/uploads\/2019\/08\/Untitled-2.jpg\" alt=\"\" width=\"1200\" height=\"20\" srcset=\"https:\/\/staging.venluxe.com\/wp-content\/uploads\/2019\/08\/Untitled-2.jpg 1200w, https:\/\/staging.venluxe.com\/wp-content\/uploads\/2019\/08\/Untitled-2-600x10.jpg 600w, https:\/\/staging.venluxe.com\/wp-content\/uploads\/2019\/08\/Untitled-2-300x5.jpg 300w, https:\/\/staging.venluxe.com\/wp-content\/uploads\/2019\/08\/Untitled-2-1024x17.jpg 1024w, https:\/\/staging.venluxe.com\/wp-content\/uploads\/2019\/08\/Untitled-2-768x13.jpg 768w\" sizes=\"(max-width: 1200px) 100vw, 1200px\" \/><\/p>\n<p><img loading=\"lazy\" decoding=\"async\" class=\"alignleft wp-image-3464\" src=\"https:\/\/venluxe.com\/wp-content\/uploads\/2020\/01\/5-VENLUXE-MAGNET.jpg\" alt=\"\" width=\"700\" height=\"700\" srcset=\"https:\/\/staging.venluxe.com\/wp-content\/uploads\/2020\/01\/5-VENLUXE-MAGNET.jpg 1200w, https:\/\/staging.venluxe.com\/wp-content\/uploads\/2020\/01\/5-VENLUXE-MAGNET-300x300.jpg 300w, https:\/\/staging.venluxe.com\/wp-content\/uploads\/2020\/01\/5-VENLUXE-MAGNET-100x100.jpg 100w, https:\/\/staging.venluxe.com\/wp-content\/uploads\/2020\/01\/5-VENLUXE-MAGNET-600x600.jpg 600w, https:\/\/staging.venluxe.com\/wp-content\/uploads\/2020\/01\/5-VENLUXE-MAGNET-1024x1024.jpg 1024w, https:\/\/staging.venluxe.com\/wp-content\/uploads\/2020\/01\/5-VENLUXE-MAGNET-150x150.jpg 150w, https:\/\/staging.venluxe.com\/wp-content\/uploads\/2020\/01\/5-VENLUXE-MAGNET-768x768.jpg 768w\" sizes=\"(max-width: 700px) 100vw, 700px\" \/><\/p>\n<p>&nbsp;<\/p>\n<p>&nbsp;<\/p>\n<h1 style=\"text-align: center;\"><b> DISE\u00d1O LUJOSO<\/b><\/h1>\n<p style=\"text-align: center;\">el lujo est\u00e1 en tus manos le da a tu iPhone un toque extra, un encanto mientras lo protege por completo.<\/p>\n<h1 style=\"text-align: center;\"><img decoding=\"async\" class=\"size-full wp-image-3336 aligncenter\" src=\"https:\/\/venluxe.com\/wp-content\/uploads\/2019\/08\/Untitled-2.jpg\" alt=\"\" width=\"1200\" height=\"20\" srcset=\"https:\/\/staging.venluxe.com\/wp-content\/uploads\/2019\/08\/Untitled-2.jpg 1200w, https:\/\/staging.venluxe.com\/wp-content\/uploads\/2019\/08\/Untitled-2-600x10.jpg 600w, https:\/\/staging.venluxe.com\/wp-content\/uploads\/2019\/08\/Untitled-2-300x5.jpg 300w, https:\/\/staging.venluxe.com\/wp-content\/uploads\/2019\/08\/Untitled-2-1024x17.jpg 1024w, https:\/\/staging.venluxe.com\/wp-content\/uploads\/2019\/08\/Untitled-2-768x13.jpg 768w\" sizes=\"(max-width: 1200px) 100vw, 1200px\" \/><img loading=\"lazy\" decoding=\"async\" class=\"size-full wp-image-3465 alignright\" src=\"https:\/\/venluxe.com\/wp-content\/uploads\/2020\/01\/6-VENLUXE-MAGNET.jpg\" alt=\"\" width=\"700\" height=\"700\" srcset=\"https:\/\/staging.venluxe.com\/wp-content\/uploads\/2020\/01\/6-VENLUXE-MAGNET.jpg 700w, https:\/\/staging.venluxe.com\/wp-content\/uploads\/2020\/01\/6-VENLUXE-MAGNET-300x300.jpg 300w, https:\/\/staging.venluxe.com\/wp-content\/uploads\/2020\/01\/6-VENLUXE-MAGNET-100x100.jpg 100w, https:\/\/staging.venluxe.com\/wp-content\/uploads\/2020\/01\/6-VENLUXE-MAGNET-600x600.jpg 600w, https:\/\/staging.venluxe.com\/wp-content\/uploads\/2020\/01\/6-VENLUXE-MAGNET-150x150.jpg 150w\" sizes=\"(max-width: 700px) 100vw, 700px\" \/><\/h1>\n<p>&nbsp;<\/p>\n<p>&nbsp;<\/p>\n<h1 style=\"text-align: center;\">UN ENCANTO INDELIBLE<\/h1>\n<p style=\"text-align: center;\">Optar por <strong>SUPERSHIELD MAGNET IPHONE<\/strong><br \/>\n<img decoding=\"async\" class=\"size-full wp-image-3336 aligncenter\" src=\"https:\/\/venluxe.com\/wp-content\/uploads\/2019\/08\/Untitled-2.jpg\" alt=\"\" width=\"1200\" height=\"20\" srcset=\"https:\/\/staging.venluxe.com\/wp-content\/uploads\/2019\/08\/Untitled-2.jpg 1200w, https:\/\/staging.venluxe.com\/wp-content\/uploads\/2019\/08\/Untitled-2-600x10.jpg 600w, https:\/\/staging.venluxe.com\/wp-content\/uploads\/2019\/08\/Untitled-2-300x5.jpg 300w, https:\/\/staging.venluxe.com\/wp-content\/uploads\/2019\/08\/Untitled-2-1024x17.jpg 1024w, https:\/\/staging.venluxe.com\/wp-content\/uploads\/2019\/08\/Untitled-2-768x13.jpg 768w\" sizes=\"(max-width: 1200px) 100vw, 1200px\" \/><\/p>","protected":false},"excerpt":{"rendered":"<p>&nbsp; &nbsp; GET TO KNOW WITH SUPERSHIELD MAGNET IPHONE &nbsp; Protection : 100% full Anti-scratch: \u221a Yes Shockproof: \u221a Yes Anti humidity: \u221a Yes Transparency: \u221a Yes Tactile sensitivity : 100% operational Material: Premium Aluminum + PET NEW TECHNOLOGY MAGNET+ &nbsp; &nbsp; DOUBLE-SIDED TEMPERED GLASS 9H Works with Apple iPhone: Screen protector is fully compatible [&hellip;]<\/p>\n","protected":false},"featured_media":3063,"comment_status":"open","ping_status":"closed","template":"","meta":[],"product_brand":[],"product_cat":[24,63],"product_tag":[],"class_list":{"0":"post-3058","1":"product","2":"type-product","3":"status-publish","4":"has-post-thumbnail","6":"product_cat-smartphone","7":"product_cat-smartphone-accessories","9":"entry","10":"has-media","12":"first","13":"instock","14":"sale","15":"shipping-taxable","16":"purchasable","17":"product-type-variable","18":"has-default-attributes","19":"has-rating","20":"col","21":"span_1_of_3","22":"owp-content-center","23":"item-entry","24":"owp-thumbs-layout-horizontal","25":"owp-btn-very-big","26":"owp-tabs-layout-section","27":"circle-sale"},"_links":{"self":[{"href":"https:\/\/staging.venluxe.com\/es\/wp-json\/wp\/v2\/product\/3058","targetHints":{"allow":["GET"]}}],"collection":[{"href":"https:\/\/staging.venluxe.com\/es\/wp-json\/wp\/v2\/product"}],"about":[{"href":"https:\/\/staging.venluxe.com\/es\/wp-json\/wp\/v2\/types\/product"}],"replies":[{"embeddable":true,"href":"https:\/\/staging.venluxe.com\/es\/wp-json\/wp\/v2\/comments?post=3058"}],"version-history":[{"count":0,"href":"https:\/\/staging.venluxe.com\/es\/wp-json\/wp\/v2\/product\/3058\/revisions"}],"wp:featuredmedia":[{"embeddable":true,"href":"https:\/\/staging.venluxe.com\/es\/wp-json\/wp\/v2\/media\/3063"}],"wp:attachment":[{"href":"https:\/\/staging.venluxe.com\/es\/wp-json\/wp\/v2\/media?parent=3058"}],"wp:term":[{"taxonomy":"product_brand","embeddable":true,"href":"https:\/\/staging.venluxe.com\/es\/wp-json\/wp\/v2\/product_brand?post=3058"},{"taxonomy":"product_cat","embeddable":true,"href":"https:\/\/staging.venluxe.com\/es\/wp-json\/wp\/v2\/product_cat?post=3058"},{"taxonomy":"product_tag","embeddable":true,"href":"https:\/\/staging.venluxe.com\/es\/wp-json\/wp\/v2\/product_tag?post=3058"}],"curies":[{"name":"wp","href":"https:\/\/api.w.org\/{rel}","templated":true}]}}