{"id":1274,"date":"2019-08-17T14:09:46","date_gmt":"2019-08-17T13:09:46","guid":{"rendered":"https:\/\/venluxe.com\/?post_type=product&#038;p=1274"},"modified":"2022-06-08T00:19:42","modified_gmt":"2022-06-07T23:19:42","slug":"cils-carina","status":"publish","type":"product","link":"https:\/\/staging.venluxe.com\/es\/producto\/cils-carina\/","title":{"rendered":"VENLUXE\u00ae CILS CARINA"},"content":{"rendered":"<p><img fetchpriority=\"high\" decoding=\"async\" class=\"wp-image-4684 size-full alignleft\" src=\"https:\/\/venluxe.com\/wp-content\/uploads\/2019\/08\/1-Desc-Venluxe-cils-carina-.jpg\" alt=\"\" width=\"700\" height=\"700\" srcset=\"https:\/\/staging.venluxe.com\/wp-content\/uploads\/2019\/08\/1-Desc-Venluxe-cils-carina-.jpg 700w, https:\/\/staging.venluxe.com\/wp-content\/uploads\/2019\/08\/1-Desc-Venluxe-cils-carina--300x300.jpg 300w, https:\/\/staging.venluxe.com\/wp-content\/uploads\/2019\/08\/1-Desc-Venluxe-cils-carina--100x100.jpg 100w, https:\/\/staging.venluxe.com\/wp-content\/uploads\/2019\/08\/1-Desc-Venluxe-cils-carina--600x600.jpg 600w, https:\/\/staging.venluxe.com\/wp-content\/uploads\/2019\/08\/1-Desc-Venluxe-cils-carina--150x150.jpg 150w\" sizes=\"(max-width: 700px) 100vw, 700px\" \/><\/p>\n<h1><\/h1>\n<p>&nbsp;<\/p>\n<h1 style=\"text-align: center;\">CONOCE CON NUESTRAS PESTA\u00d1AS CILS CARINA<\/h1>\n<p style=\"text-align: center;\"><strong>Cantidad<\/strong>: Caja de <strong>3 pares<\/strong> (6 piezas)<\/p>\n<p style=\"text-align: center;\"><strong>Volumen<\/strong>: Medio natural<\/p>\n<p style=\"text-align: center;\"><strong>Longitud<\/strong>: 4-11 mm<\/p>\n<p style=\"text-align: center;\"><strong>Material<\/strong>: Fiber &#8211; Cotton<\/p>\n<p style=\"text-align: center;\"><strong>Per\u00edodo de uso<\/strong>: Multiuso (60-100 veces)<\/p>\n<p style=\"text-align: center;\"><strong>Tubo de pegamento<\/strong>: 7 gramos<\/p>\n<p style=\"text-align: center;\"><strong>F\u00e1cil aplicaci\u00f3n en 5 segundos.<\/strong><\/p>\n<p style=\"text-align: center;\"><img decoding=\"async\" class=\"aligncenter size-full wp-image-3336\" src=\"https:\/\/venluxe.com\/wp-content\/uploads\/2019\/08\/Untitled-2.jpg\" alt=\"\" width=\"1200\" height=\"20\" srcset=\"https:\/\/staging.venluxe.com\/wp-content\/uploads\/2019\/08\/Untitled-2.jpg 1200w, https:\/\/staging.venluxe.com\/wp-content\/uploads\/2019\/08\/Untitled-2-600x10.jpg 600w, https:\/\/staging.venluxe.com\/wp-content\/uploads\/2019\/08\/Untitled-2-300x5.jpg 300w, https:\/\/staging.venluxe.com\/wp-content\/uploads\/2019\/08\/Untitled-2-1024x17.jpg 1024w, https:\/\/staging.venluxe.com\/wp-content\/uploads\/2019\/08\/Untitled-2-768x13.jpg 768w\" sizes=\"(max-width: 1200px) 100vw, 1200px\" \/><\/p>\n<p class=\"Heading light\" style=\"text-align: center;\"><img decoding=\"async\" class=\"alignright\" src=\"https:\/\/media.giphy.com\/media\/sZ6abRApJaGNRJqhBL\/giphy.gif\" alt=\"\" width=\"700\" height=\"700\" \/><\/p>\n<h2 class=\"Heading light\" style=\"text-align: center;\">.<\/h2>\n<h2 class=\"Heading light\" style=\"text-align: center;\">MIRA Y SIENTE<\/h2>\n<h1 class=\"Heading u-h2\" style=\"text-align: center;\">NATURAL Y LIGERO<\/h1>\n<p style=\"text-align: center;\">Nuestras Cils \u2122 son las pesta\u00f1as sint\u00e9ticas de aspecto m\u00e1s natural, hechas de una mezcla de fibras sint\u00e9ticas ultrafinas. En comparaci\u00f3n con las extensiones de pesta\u00f1as, nuestras pesta\u00f1as postizas son m\u00e1s seguras, m\u00e1s hermosas y m\u00e1s convenientes. P\u00f3ngase cualquier par por la ma\u00f1ana y qu\u00edteselo por la noche.<\/p>\n<h3 style=\"text-align: center;\"><strong>ULTRA F\u00c1CIL DE APLICAR Y QUITAR<\/strong><\/h3>\n<p>&nbsp;<\/p>\n<p><img loading=\"lazy\" decoding=\"async\" class=\"size-full wp-image-3336 aligncenter\" src=\"https:\/\/venluxe.com\/wp-content\/uploads\/2019\/08\/Untitled-2.jpg\" alt=\"\" width=\"1200\" height=\"20\" srcset=\"https:\/\/staging.venluxe.com\/wp-content\/uploads\/2019\/08\/Untitled-2.jpg 1200w, https:\/\/staging.venluxe.com\/wp-content\/uploads\/2019\/08\/Untitled-2-600x10.jpg 600w, https:\/\/staging.venluxe.com\/wp-content\/uploads\/2019\/08\/Untitled-2-300x5.jpg 300w, https:\/\/staging.venluxe.com\/wp-content\/uploads\/2019\/08\/Untitled-2-1024x17.jpg 1024w, https:\/\/staging.venluxe.com\/wp-content\/uploads\/2019\/08\/Untitled-2-768x13.jpg 768w\" sizes=\"(max-width: 1200px) 100vw, 1200px\" \/><\/p>\n<p><img loading=\"lazy\" decoding=\"async\" class=\"wp-image-4626 size-full alignleft\" src=\"https:\/\/venluxe.com\/wp-content\/uploads\/2019\/08\/Rounded-500px.jpg\" alt=\"\" width=\"700\" height=\"700\" srcset=\"https:\/\/staging.venluxe.com\/wp-content\/uploads\/2019\/08\/Rounded-500px.jpg 700w, https:\/\/staging.venluxe.com\/wp-content\/uploads\/2019\/08\/Rounded-500px-300x300.jpg 300w, https:\/\/staging.venluxe.com\/wp-content\/uploads\/2019\/08\/Rounded-500px-100x100.jpg 100w, https:\/\/staging.venluxe.com\/wp-content\/uploads\/2019\/08\/Rounded-500px-600x600.jpg 600w, https:\/\/staging.venluxe.com\/wp-content\/uploads\/2019\/08\/Rounded-500px-150x150.jpg 150w\" sizes=\"(max-width: 700px) 100vw, 700px\" \/><\/p>\n<p>&nbsp;<\/p>\n<h2 class=\"Heading light\" style=\"text-align: center;\">F\u00c1CIL DE USAR<\/h2>\n<h1 class=\"Heading u-h2\" style=\"text-align: center;\">SE APLICA SIN ESFUERZO<\/h1>\n<p style=\"text-align: center;\">Hecho a mano con una banda de algod\u00f3n suave, nuestras pesta\u00f1as son s\u00faper flexibles y f\u00e1ciles de aplicar, incluso para principiantes.<\/p>\n<p style=\"text-align: center;\">Cils Carina \u2122 le dar\u00e1 un aspecto natural y le dar\u00e1 un brillo vivo a sus ojos con sus divertidas capas de largos. Es un estilo dulce y familiar con un poco de patada.<\/p>\n<p>&nbsp;<\/p>\n<p style=\"text-align: center;\"><img loading=\"lazy\" decoding=\"async\" class=\"size-full wp-image-3336 aligncenter\" src=\"https:\/\/venluxe.com\/wp-content\/uploads\/2019\/08\/Untitled-2.jpg\" alt=\"\" width=\"1200\" height=\"20\" srcset=\"https:\/\/staging.venluxe.com\/wp-content\/uploads\/2019\/08\/Untitled-2.jpg 1200w, https:\/\/staging.venluxe.com\/wp-content\/uploads\/2019\/08\/Untitled-2-600x10.jpg 600w, https:\/\/staging.venluxe.com\/wp-content\/uploads\/2019\/08\/Untitled-2-300x5.jpg 300w, https:\/\/staging.venluxe.com\/wp-content\/uploads\/2019\/08\/Untitled-2-1024x17.jpg 1024w, https:\/\/staging.venluxe.com\/wp-content\/uploads\/2019\/08\/Untitled-2-768x13.jpg 768w\" sizes=\"(max-width: 1200px) 100vw, 1200px\" \/><\/p>\n<p><img loading=\"lazy\" decoding=\"async\" class=\"alignright wp-image-4627 size-full\" src=\"https:\/\/venluxe.com\/wp-content\/uploads\/2019\/08\/Venluxe-cils-Carina-3.jpg\" alt=\"\" width=\"700\" height=\"700\" srcset=\"https:\/\/staging.venluxe.com\/wp-content\/uploads\/2019\/08\/Venluxe-cils-Carina-3.jpg 700w, https:\/\/staging.venluxe.com\/wp-content\/uploads\/2019\/08\/Venluxe-cils-Carina-3-300x300.jpg 300w, https:\/\/staging.venluxe.com\/wp-content\/uploads\/2019\/08\/Venluxe-cils-Carina-3-100x100.jpg 100w, https:\/\/staging.venluxe.com\/wp-content\/uploads\/2019\/08\/Venluxe-cils-Carina-3-600x600.jpg 600w, https:\/\/staging.venluxe.com\/wp-content\/uploads\/2019\/08\/Venluxe-cils-Carina-3-150x150.jpg 150w\" sizes=\"(max-width: 700px) 100vw, 700px\" \/><\/p>\n<p>&nbsp;<\/p>\n<h2 class=\"Heading light\" style=\"text-align: center;\">MATERIALES PREMIUM<\/h2>\n<h1 class=\"Heading u-h2\" style=\"text-align: center;\">RESILIENTE Y REUTILIZABLE<\/h1>\n<p style=\"text-align: center;\">Cada par de pesta\u00f1as Venluxe ha sido meticulosamente hecho a mano para ser incre\u00edblemente resistente y usado varias veces. Diga adi\u00f3s a las falsificaciones de uso \u00fanico desechables.<\/p>\n<p style=\"text-align: center;\">Disfruta de tu nuevo look como nunca antes.<img loading=\"lazy\" decoding=\"async\" class=\"size-full wp-image-3336 aligncenter\" src=\"https:\/\/venluxe.com\/wp-content\/uploads\/2019\/08\/Untitled-2.jpg\" alt=\"\" width=\"1200\" height=\"20\" srcset=\"https:\/\/staging.venluxe.com\/wp-content\/uploads\/2019\/08\/Untitled-2.jpg 1200w, https:\/\/staging.venluxe.com\/wp-content\/uploads\/2019\/08\/Untitled-2-600x10.jpg 600w, https:\/\/staging.venluxe.com\/wp-content\/uploads\/2019\/08\/Untitled-2-300x5.jpg 300w, https:\/\/staging.venluxe.com\/wp-content\/uploads\/2019\/08\/Untitled-2-1024x17.jpg 1024w, https:\/\/staging.venluxe.com\/wp-content\/uploads\/2019\/08\/Untitled-2-768x13.jpg 768w\" sizes=\"(max-width: 1200px) 100vw, 1200px\" \/><\/p>","protected":false},"excerpt":{"rendered":"<h3><img loading=\"lazy\" decoding=\"async\" class=\"size-full wp-image-7594 aligncenter\" src=\"https:\/\/staging.venluxe.com\/wp-content\/uploads\/2020\/07\/Montage-Venluxe-Eyelashes-EN.png\" alt=\"\" width=\"650\" height=\"293\" srcset=\"https:\/\/staging.venluxe.com\/wp-content\/uploads\/2020\/07\/Montage-Venluxe-Eyelashes-EN.png 650w, https:\/\/staging.venluxe.com\/wp-content\/uploads\/2020\/07\/Montage-Venluxe-Eyelashes-EN-600x270.png 600w, https:\/\/staging.venluxe.com\/wp-content\/uploads\/2020\/07\/Montage-Venluxe-Eyelashes-EN-300x135.png 300w, https:\/\/staging.venluxe.com\/wp-content\/uploads\/2020\/07\/Montage-Venluxe-Eyelashes-EN-16x7.png 16w\" sizes=\"(max-width: 650px) 100vw, 650px\" \/><\/h3>\n<h3><img decoding=\"async\" class=\"alignleft wp-image-4607\" src=\"https:\/\/venluxe.com\/wp-content\/uploads\/2019\/08\/eyelash-icon.svg\" alt=\"\" width=\"42\" \/><\/h3>\n<h3><strong>Aspecto ultra natural<\/strong><\/h3>\n<p>&nbsp;<\/p>\n<h3><img decoding=\"async\" class=\"alignleft wp-image-4606\" src=\"https:\/\/venluxe.com\/wp-content\/uploads\/2019\/08\/feather-icon.svg\" alt=\"\" width=\"42\" \/><strong>Ligero y c\u00f3modo<\/strong><\/h3>\n<p>&nbsp;<\/p>\n<h3><strong><img decoding=\"async\" class=\"alignleft wp-image-4609\" src=\"https:\/\/venluxe.com\/wp-content\/uploads\/2019\/08\/curler-icon.svg\" alt=\"\" width=\"42\" \/><\/strong><strong>F\u00e1cil de aplicar<\/strong><\/h3>\n<p>&nbsp;<\/p>\n<h3><a href=\"https:\/\/venluxe.com\/wp-content\/uploads\/2019\/08\/time-icon.svg\"><img decoding=\"async\" class=\"alignleft wp-image-4608\" src=\"https:\/\/venluxe.com\/wp-content\/uploads\/2019\/08\/time-icon.svg\" alt=\"\" width=\"42\" \/><\/a><\/h3>\n<h3><strong>M\u00faltiples lleva<\/strong><\/h3>","protected":false},"featured_media":4687,"comment_status":"open","ping_status":"closed","template":"","meta":[],"product_brand":[],"product_cat":[67],"product_tag":[],"class_list":{"0":"post-1274","1":"product","2":"type-product","3":"status-publish","4":"has-post-thumbnail","6":"product_cat-makeup-and-beauty","8":"entry","9":"has-media","11":"first","12":"instock","13":"sale","14":"shipping-taxable","15":"purchasable","16":"product-type-variable","17":"has-default-attributes","18":"has-rating","19":"col","20":"span_1_of_3","21":"owp-content-center","22":"item-entry","23":"owp-thumbs-layout-horizontal","24":"owp-btn-very-big","25":"owp-tabs-layout-section","26":"circle-sale"},"_links":{"self":[{"href":"https:\/\/staging.venluxe.com\/es\/wp-json\/wp\/v2\/product\/1274","targetHints":{"allow":["GET"]}}],"collection":[{"href":"https:\/\/staging.venluxe.com\/es\/wp-json\/wp\/v2\/product"}],"about":[{"href":"https:\/\/staging.venluxe.com\/es\/wp-json\/wp\/v2\/types\/product"}],"replies":[{"embeddable":true,"href":"https:\/\/staging.venluxe.com\/es\/wp-json\/wp\/v2\/comments?post=1274"}],"version-history":[{"count":0,"href":"https:\/\/staging.venluxe.com\/es\/wp-json\/wp\/v2\/product\/1274\/revisions"}],"wp:featuredmedia":[{"embeddable":true,"href":"https:\/\/staging.venluxe.com\/es\/wp-json\/wp\/v2\/media\/4687"}],"wp:attachment":[{"href":"https:\/\/staging.venluxe.com\/es\/wp-json\/wp\/v2\/media?parent=1274"}],"wp:term":[{"taxonomy":"product_brand","embeddable":true,"href":"https:\/\/staging.venluxe.com\/es\/wp-json\/wp\/v2\/product_brand?post=1274"},{"taxonomy":"product_cat","embeddable":true,"href":"https:\/\/staging.venluxe.com\/es\/wp-json\/wp\/v2\/product_cat?post=1274"},{"taxonomy":"product_tag","embeddable":true,"href":"https:\/\/staging.venluxe.com\/es\/wp-json\/wp\/v2\/product_tag?post=1274"}],"curies":[{"name":"wp","href":"https:\/\/api.w.org\/{rel}","templated":true}]}}