{"id":4629,"date":"2020-07-13T16:58:18","date_gmt":"2020-07-13T15:58:18","guid":{"rendered":"https:\/\/venluxe.com\/?post_type=product&#038;p=4629"},"modified":"2022-02-10T00:10:19","modified_gmt":"2022-02-09T23:10:19","slug":"cils-elina","status":"publish","type":"product","link":"https:\/\/staging.venluxe.com\/de\/produkt\/cils-elina\/","title":{"rendered":"VENLUXE\u00ae CILS ELINA"},"content":{"rendered":"<p><img fetchpriority=\"high\" decoding=\"async\" class=\"wp-image-4889 size-full alignleft\" src=\"https:\/\/venluxe.com\/wp-content\/uploads\/2020\/07\/Box-VENLUXE-CILS-ELINA-REAR-700.jpg\" alt=\"\" width=\"700\" height=\"700\" srcset=\"https:\/\/staging.venluxe.com\/wp-content\/uploads\/2020\/07\/Box-VENLUXE-CILS-ELINA-REAR-700.jpg 700w, https:\/\/staging.venluxe.com\/wp-content\/uploads\/2020\/07\/Box-VENLUXE-CILS-ELINA-REAR-700-300x300.jpg 300w, https:\/\/staging.venluxe.com\/wp-content\/uploads\/2020\/07\/Box-VENLUXE-CILS-ELINA-REAR-700-100x100.jpg 100w, https:\/\/staging.venluxe.com\/wp-content\/uploads\/2020\/07\/Box-VENLUXE-CILS-ELINA-REAR-700-600x600.jpg 600w, https:\/\/staging.venluxe.com\/wp-content\/uploads\/2020\/07\/Box-VENLUXE-CILS-ELINA-REAR-700-150x150.jpg 150w\" sizes=\"(max-width: 700px) 100vw, 700px\" \/><\/p>\n<h1><\/h1>\n<p>&nbsp;<\/p>\n<h1 style=\"text-align: center;\">LERNEN SIE UNSERE EYELASHES CILS ELINA WISSEN<\/h1>\n<p style=\"text-align: center;\"><strong>Menge<\/strong>: Kiste von <strong>3 Paare<\/strong> (6 St\u00fcck)<\/p>\n<p style=\"text-align: center;\"><strong>Volumen<\/strong>: Nat\u00fcrlich<\/p>\n<p style=\"text-align: center;\"><strong>L\u00e4nge<\/strong>: 3-12 mm<\/p>\n<p style=\"text-align: center;\"><strong>Material<\/strong>: Fiber &#8211; Cotton<\/p>\n<p style=\"text-align: center;\"><strong>Tragezeit<\/strong>: Mehrfachnutzung (60-100 Mal)<\/p>\n<p style=\"text-align: center;\"><strong>Kleberohr<\/strong>: 7 Gramm<\/p>\n<p style=\"text-align: center;\"><strong>Einfache Anwendung in 5 Sekunden<\/strong><\/p>\n<p style=\"text-align: center;\"><img decoding=\"async\" class=\"aligncenter size-full wp-image-3336\" src=\"https:\/\/venluxe.com\/wp-content\/uploads\/2019\/08\/Untitled-2.jpg\" alt=\"\" width=\"1200\" height=\"20\" srcset=\"https:\/\/staging.venluxe.com\/wp-content\/uploads\/2019\/08\/Untitled-2.jpg 1200w, https:\/\/staging.venluxe.com\/wp-content\/uploads\/2019\/08\/Untitled-2-600x10.jpg 600w, https:\/\/staging.venluxe.com\/wp-content\/uploads\/2019\/08\/Untitled-2-300x5.jpg 300w, https:\/\/staging.venluxe.com\/wp-content\/uploads\/2019\/08\/Untitled-2-1024x17.jpg 1024w, https:\/\/staging.venluxe.com\/wp-content\/uploads\/2019\/08\/Untitled-2-768x13.jpg 768w\" sizes=\"(max-width: 1200px) 100vw, 1200px\" \/><\/p>\n<p><img decoding=\"async\" class=\"alignright wp-image-4646 size-full\" src=\"https:\/\/venluxe.com\/wp-content\/uploads\/2020\/07\/2-DESC-VENLUXE-CILS-ELINA.jpg\" alt=\"\" width=\"700\" height=\"700\" srcset=\"https:\/\/staging.venluxe.com\/wp-content\/uploads\/2020\/07\/2-DESC-VENLUXE-CILS-ELINA.jpg 700w, https:\/\/staging.venluxe.com\/wp-content\/uploads\/2020\/07\/2-DESC-VENLUXE-CILS-ELINA-300x300.jpg 300w, https:\/\/staging.venluxe.com\/wp-content\/uploads\/2020\/07\/2-DESC-VENLUXE-CILS-ELINA-100x100.jpg 100w, https:\/\/staging.venluxe.com\/wp-content\/uploads\/2020\/07\/2-DESC-VENLUXE-CILS-ELINA-600x600.jpg 600w, https:\/\/staging.venluxe.com\/wp-content\/uploads\/2020\/07\/2-DESC-VENLUXE-CILS-ELINA-150x150.jpg 150w\" sizes=\"(max-width: 700px) 100vw, 700px\" \/><\/p>\n<p>&nbsp;<\/p>\n<p>&nbsp;<\/p>\n<h2 class=\"Heading light\" style=\"text-align: center;\">SEHEN UND F\u00dcHLEN<\/h2>\n<h1 class=\"Heading u-h2\" style=\"text-align: center;\">NAT\u00dcRLICH &amp; LEICHT<\/h1>\n<p style=\"text-align: center;\">Unsere Cils \u2122 sind die nat\u00fcrlichsten synthetischen Wimpern, die aus einer Mischung ultrafeiner synthetischer Fasern hergestellt werden. Im Vergleich zu Wimpernverl\u00e4ngerungen sind unsere falschen Wimpern sicherer, sch\u00f6ner und bequemer. Ziehen Sie morgens ein Paar an und ziehen Sie es abends aus.<\/p>\n<p>&nbsp;<\/p>\n<p><img loading=\"lazy\" decoding=\"async\" class=\"size-full wp-image-3336 aligncenter\" src=\"https:\/\/venluxe.com\/wp-content\/uploads\/2019\/08\/Untitled-2.jpg\" alt=\"\" width=\"1200\" height=\"20\" srcset=\"https:\/\/staging.venluxe.com\/wp-content\/uploads\/2019\/08\/Untitled-2.jpg 1200w, https:\/\/staging.venluxe.com\/wp-content\/uploads\/2019\/08\/Untitled-2-600x10.jpg 600w, https:\/\/staging.venluxe.com\/wp-content\/uploads\/2019\/08\/Untitled-2-300x5.jpg 300w, https:\/\/staging.venluxe.com\/wp-content\/uploads\/2019\/08\/Untitled-2-1024x17.jpg 1024w, https:\/\/staging.venluxe.com\/wp-content\/uploads\/2019\/08\/Untitled-2-768x13.jpg 768w\" sizes=\"(max-width: 1200px) 100vw, 1200px\" \/><img loading=\"lazy\" decoding=\"async\" class=\"alignleft wp-image-4626 size-full\" src=\"https:\/\/venluxe.com\/wp-content\/uploads\/2019\/08\/Rounded-500px.jpg\" alt=\"\" width=\"700\" height=\"700\" srcset=\"https:\/\/staging.venluxe.com\/wp-content\/uploads\/2019\/08\/Rounded-500px.jpg 700w, https:\/\/staging.venluxe.com\/wp-content\/uploads\/2019\/08\/Rounded-500px-300x300.jpg 300w, https:\/\/staging.venluxe.com\/wp-content\/uploads\/2019\/08\/Rounded-500px-100x100.jpg 100w, https:\/\/staging.venluxe.com\/wp-content\/uploads\/2019\/08\/Rounded-500px-600x600.jpg 600w, https:\/\/staging.venluxe.com\/wp-content\/uploads\/2019\/08\/Rounded-500px-150x150.jpg 150w\" sizes=\"(max-width: 700px) 100vw, 700px\" \/><\/p>\n<p>&nbsp;<\/p>\n<p>&nbsp;<\/p>\n<h2 class=\"Heading light\" style=\"text-align: center;\">EINFACH ZU TRAGEN<\/h2>\n<h1 class=\"Heading u-h2\" style=\"text-align: center;\">GILT UNBEDINGT AN<\/h1>\n<p style=\"text-align: center;\">Unsere Wimpern sind handgefertigt mit einem weichen Baumwollband und lassen sich auch f\u00fcr Anf\u00e4nger sehr flexibel und einfach auftragen.<\/p>\n<p style=\"text-align: center;\">Cils Elina \u2122 verleiht Ihnen ein nat\u00fcrliches Aussehen und verleiht Ihren Augen mit seiner spielerischen L\u00e4ngenschichtung einen lebendigen Glanz. Es ist ein s\u00fc\u00dfer und vertrauter Stil mit ein bisschen Kick.<\/p>\n<p>&nbsp;<\/p>\n<p style=\"text-align: center;\"><img loading=\"lazy\" decoding=\"async\" class=\"size-full wp-image-3336 aligncenter\" src=\"https:\/\/venluxe.com\/wp-content\/uploads\/2019\/08\/Untitled-2.jpg\" alt=\"\" width=\"1200\" height=\"20\" srcset=\"https:\/\/staging.venluxe.com\/wp-content\/uploads\/2019\/08\/Untitled-2.jpg 1200w, https:\/\/staging.venluxe.com\/wp-content\/uploads\/2019\/08\/Untitled-2-600x10.jpg 600w, https:\/\/staging.venluxe.com\/wp-content\/uploads\/2019\/08\/Untitled-2-300x5.jpg 300w, https:\/\/staging.venluxe.com\/wp-content\/uploads\/2019\/08\/Untitled-2-1024x17.jpg 1024w, https:\/\/staging.venluxe.com\/wp-content\/uploads\/2019\/08\/Untitled-2-768x13.jpg 768w\" sizes=\"(max-width: 1200px) 100vw, 1200px\" \/><\/p>\n<p><img loading=\"lazy\" decoding=\"async\" class=\"alignright wp-image-4627 size-full\" src=\"https:\/\/venluxe.com\/wp-content\/uploads\/2019\/08\/Venluxe-cils-Carina-3.jpg\" alt=\"\" width=\"700\" height=\"700\" srcset=\"https:\/\/staging.venluxe.com\/wp-content\/uploads\/2019\/08\/Venluxe-cils-Carina-3.jpg 700w, https:\/\/staging.venluxe.com\/wp-content\/uploads\/2019\/08\/Venluxe-cils-Carina-3-300x300.jpg 300w, https:\/\/staging.venluxe.com\/wp-content\/uploads\/2019\/08\/Venluxe-cils-Carina-3-100x100.jpg 100w, https:\/\/staging.venluxe.com\/wp-content\/uploads\/2019\/08\/Venluxe-cils-Carina-3-600x600.jpg 600w, https:\/\/staging.venluxe.com\/wp-content\/uploads\/2019\/08\/Venluxe-cils-Carina-3-150x150.jpg 150w\" sizes=\"(max-width: 700px) 100vw, 700px\" \/><\/p>\n<p>&nbsp;<\/p>\n<p>&nbsp;<\/p>\n<h2 class=\"Heading light\" style=\"text-align: center;\">PREMIUM MATERIALIEN<\/h2>\n<h1 class=\"Heading u-h2\" style=\"text-align: center;\">RESILIENT &amp; WIEDERVERWENDBAR<\/h1>\n<p style=\"text-align: center;\">Jedes Paar Venluxe Beauty Wimpern wurde sorgf\u00e4ltig von Hand gefertigt, um unglaublich belastbar zu sein und mehrfach getragen zu werden. Verabschieden Sie sich von einmaligen Einweg-F\u00e4lschungen.<img loading=\"lazy\" decoding=\"async\" class=\"size-full wp-image-3336 aligncenter\" src=\"https:\/\/venluxe.com\/wp-content\/uploads\/2019\/08\/Untitled-2.jpg\" alt=\"\" width=\"1200\" height=\"20\" srcset=\"https:\/\/staging.venluxe.com\/wp-content\/uploads\/2019\/08\/Untitled-2.jpg 1200w, https:\/\/staging.venluxe.com\/wp-content\/uploads\/2019\/08\/Untitled-2-600x10.jpg 600w, https:\/\/staging.venluxe.com\/wp-content\/uploads\/2019\/08\/Untitled-2-300x5.jpg 300w, https:\/\/staging.venluxe.com\/wp-content\/uploads\/2019\/08\/Untitled-2-1024x17.jpg 1024w, https:\/\/staging.venluxe.com\/wp-content\/uploads\/2019\/08\/Untitled-2-768x13.jpg 768w\" sizes=\"(max-width: 1200px) 100vw, 1200px\" \/><\/p>","protected":false},"excerpt":{"rendered":"<h3><img loading=\"lazy\" decoding=\"async\" class=\"size-full wp-image-7594 aligncenter\" src=\"https:\/\/staging.venluxe.com\/wp-content\/uploads\/2020\/07\/Montage-Venluxe-Eyelashes-EN.png\" alt=\"\" width=\"650\" height=\"293\" srcset=\"https:\/\/staging.venluxe.com\/wp-content\/uploads\/2020\/07\/Montage-Venluxe-Eyelashes-EN.png 650w, https:\/\/staging.venluxe.com\/wp-content\/uploads\/2020\/07\/Montage-Venluxe-Eyelashes-EN-600x270.png 600w, https:\/\/staging.venluxe.com\/wp-content\/uploads\/2020\/07\/Montage-Venluxe-Eyelashes-EN-300x135.png 300w, https:\/\/staging.venluxe.com\/wp-content\/uploads\/2020\/07\/Montage-Venluxe-Eyelashes-EN-16x7.png 16w\" sizes=\"(max-width: 650px) 100vw, 650px\" \/><\/h3>\n<h3><img decoding=\"async\" class=\"alignleft wp-image-4607\" src=\"https:\/\/venluxe.com\/wp-content\/uploads\/2019\/08\/eyelash-icon.svg\" alt=\"\" width=\"42\" \/><strong>Sehr nat\u00fcrlich aussehend<\/strong><\/h3>\n<p>&nbsp;<\/p>\n<h3><img decoding=\"async\" class=\"alignleft wp-image-4606\" src=\"https:\/\/venluxe.com\/wp-content\/uploads\/2019\/08\/feather-icon.svg\" alt=\"\" width=\"42\" \/><strong>Leicht und bequem<\/strong><\/h3>\n<p>&nbsp;<\/p>\n<h3><strong><img decoding=\"async\" class=\"alignleft wp-image-4609\" src=\"https:\/\/venluxe.com\/wp-content\/uploads\/2019\/08\/curler-icon.svg\" alt=\"\" width=\"42\" \/><\/strong><strong>Einfach anzuwenden<\/strong><\/h3>\n<p>&nbsp;<\/p>\n<h3><a href=\"https:\/\/venluxe.com\/wp-content\/uploads\/2019\/08\/time-icon.svg\"><img decoding=\"async\" class=\"alignleft wp-image-4608\" src=\"https:\/\/venluxe.com\/wp-content\/uploads\/2019\/08\/time-icon.svg\" alt=\"\" width=\"42\" \/><\/a><\/h3>\n<h3><strong>Mehrfachverschlei\u00df<\/strong><\/h3>","protected":false},"featured_media":4688,"comment_status":"open","ping_status":"closed","template":"","meta":[],"product_brand":[],"product_cat":[67],"product_tag":[],"class_list":{"0":"post-4629","1":"product","2":"type-product","3":"status-publish","4":"has-post-thumbnail","6":"product_cat-makeup-and-beauty","8":"entry","9":"has-media","11":"first","12":"instock","13":"sale","14":"shipping-taxable","15":"purchasable","16":"product-type-simple","17":"col","18":"span_1_of_3","19":"owp-content-center","20":"item-entry","21":"owp-thumbs-layout-horizontal","22":"owp-btn-very-big","23":"owp-tabs-layout-section","24":"circle-sale"},"_links":{"self":[{"href":"https:\/\/staging.venluxe.com\/de\/wp-json\/wp\/v2\/product\/4629","targetHints":{"allow":["GET"]}}],"collection":[{"href":"https:\/\/staging.venluxe.com\/de\/wp-json\/wp\/v2\/product"}],"about":[{"href":"https:\/\/staging.venluxe.com\/de\/wp-json\/wp\/v2\/types\/product"}],"replies":[{"embeddable":true,"href":"https:\/\/staging.venluxe.com\/de\/wp-json\/wp\/v2\/comments?post=4629"}],"version-history":[{"count":0,"href":"https:\/\/staging.venluxe.com\/de\/wp-json\/wp\/v2\/product\/4629\/revisions"}],"wp:featuredmedia":[{"embeddable":true,"href":"https:\/\/staging.venluxe.com\/de\/wp-json\/wp\/v2\/media\/4688"}],"wp:attachment":[{"href":"https:\/\/staging.venluxe.com\/de\/wp-json\/wp\/v2\/media?parent=4629"}],"wp:term":[{"taxonomy":"product_brand","embeddable":true,"href":"https:\/\/staging.venluxe.com\/de\/wp-json\/wp\/v2\/product_brand?post=4629"},{"taxonomy":"product_cat","embeddable":true,"href":"https:\/\/staging.venluxe.com\/de\/wp-json\/wp\/v2\/product_cat?post=4629"},{"taxonomy":"product_tag","embeddable":true,"href":"https:\/\/staging.venluxe.com\/de\/wp-json\/wp\/v2\/product_tag?post=4629"}],"curies":[{"name":"wp","href":"https:\/\/api.w.org\/{rel}","templated":true}]}}