{"id":3438,"date":"2020-03-26T16:29:16","date_gmt":"2020-03-26T15:29:16","guid":{"rendered":"https:\/\/venluxe.com\/?post_type=product&#038;p=3438"},"modified":"2022-06-22T14:24:49","modified_gmt":"2022-06-22T13:24:49","slug":"luxury-set-brush","status":"publish","type":"product","link":"https:\/\/staging.venluxe.com\/de\/produkt\/luxury-set-brush\/","title":{"rendered":"VENLUXE\u00ae LUXUS SET - 12 B\u00dcRSTE"},"content":{"rendered":"<p><img fetchpriority=\"high\" decoding=\"async\" class=\"wp-image-3442 alignleft\" src=\"https:\/\/venluxe.com\/wp-content\/uploads\/2020\/03\/BOX-VENLUXE-LUXURY-SET-600.jpg\" alt=\"\" width=\"700\" height=\"700\" srcset=\"https:\/\/staging.venluxe.com\/wp-content\/uploads\/2020\/03\/BOX-VENLUXE-LUXURY-SET-600.jpg 600w, https:\/\/staging.venluxe.com\/wp-content\/uploads\/2020\/03\/BOX-VENLUXE-LUXURY-SET-600-300x300.jpg 300w, https:\/\/staging.venluxe.com\/wp-content\/uploads\/2020\/03\/BOX-VENLUXE-LUXURY-SET-600-100x100.jpg 100w, https:\/\/staging.venluxe.com\/wp-content\/uploads\/2020\/03\/BOX-VENLUXE-LUXURY-SET-600-150x150.jpg 150w\" sizes=\"(max-width: 700px) 100vw, 700px\" \/><\/p>\n<p>&nbsp;<\/p>\n<p>&nbsp;<\/p>\n<p>&nbsp;<\/p>\n<h1 style=\"text-align: center;\">WISSEN SIE MIT LUXUS SET<\/h1>\n<p>&nbsp;<\/p>\n<p style=\"text-align: center;\">Pinsel sind das Werkzeug eines jeden K\u00fcnstlers, um ein Meisterwerk zu schaffen. Dieses Pinsel-Set enth\u00e4lt alle Favoriten der Frauen, um unterwegs farbenfrohe und gemischte Looks zu kreieren. Bereiten Sie das Mischen und Polieren vor, da jede dieser 12 B\u00fcrsten so gut ist.<\/p>\n<p style=\"text-align: center;\"><strong>Die Sammlung enth\u00e4lt<\/strong>: 12 Pinsel<\/p>\n<p style=\"text-align: center;\"><strong>Material<\/strong>: Luxuri\u00f6ses Natursynthetikhaar<\/p>\n<p style=\"text-align: center;\"><img decoding=\"async\" class=\"aligncenter size-full wp-image-3336\" src=\"https:\/\/venluxe.com\/wp-content\/uploads\/2019\/08\/Untitled-2.jpg\" alt=\"\" width=\"1200\" height=\"20\" srcset=\"https:\/\/staging.venluxe.com\/wp-content\/uploads\/2019\/08\/Untitled-2.jpg 1200w, https:\/\/staging.venluxe.com\/wp-content\/uploads\/2019\/08\/Untitled-2-600x10.jpg 600w, https:\/\/staging.venluxe.com\/wp-content\/uploads\/2019\/08\/Untitled-2-300x5.jpg 300w, https:\/\/staging.venluxe.com\/wp-content\/uploads\/2019\/08\/Untitled-2-1024x17.jpg 1024w, https:\/\/staging.venluxe.com\/wp-content\/uploads\/2019\/08\/Untitled-2-768x13.jpg 768w\" sizes=\"(max-width: 1200px) 100vw, 1200px\" \/><\/p>\n<p><img decoding=\"async\" class=\"alignright size-full wp-image-3544\" src=\"https:\/\/venluxe.com\/wp-content\/uploads\/2020\/03\/2-VENLUXE-LUXURY-SET-3.jpg\" alt=\"\" width=\"700\" height=\"700\" srcset=\"https:\/\/staging.venluxe.com\/wp-content\/uploads\/2020\/03\/2-VENLUXE-LUXURY-SET-3.jpg 700w, https:\/\/staging.venluxe.com\/wp-content\/uploads\/2020\/03\/2-VENLUXE-LUXURY-SET-3-300x300.jpg 300w, https:\/\/staging.venluxe.com\/wp-content\/uploads\/2020\/03\/2-VENLUXE-LUXURY-SET-3-100x100.jpg 100w, https:\/\/staging.venluxe.com\/wp-content\/uploads\/2020\/03\/2-VENLUXE-LUXURY-SET-3-600x600.jpg 600w, https:\/\/staging.venluxe.com\/wp-content\/uploads\/2020\/03\/2-VENLUXE-LUXURY-SET-3-150x150.jpg 150w\" sizes=\"(max-width: 700px) 100vw, 700px\" \/><\/p>\n<p>&nbsp;<\/p>\n<h1 style=\"text-align: center;\">WARUM LUXUS SET W\u00c4HLEN<\/h1>\n<p>- Unser LUXUS SET \u2122 bietet Ihnen <strong>der Komfort der Verwendung<\/strong> und eine einfache Anwendung f\u00fcr Ihr Make-up.<\/p>\n<p>- Wir fertigen unsere B\u00fcrsten mit <strong>Luxusmaterialien<\/strong> von h\u00f6chster Qualit\u00e4t.<\/p>\n<p>&#8211; <strong>Leichter und weicher<\/strong> Pinsel ethischen Ursprungs.<\/p>\n<p><img loading=\"lazy\" decoding=\"async\" class=\"size-full wp-image-3336 aligncenter\" src=\"https:\/\/venluxe.com\/wp-content\/uploads\/2019\/08\/Untitled-2.jpg\" alt=\"\" width=\"1200\" height=\"20\" srcset=\"https:\/\/staging.venluxe.com\/wp-content\/uploads\/2019\/08\/Untitled-2.jpg 1200w, https:\/\/staging.venluxe.com\/wp-content\/uploads\/2019\/08\/Untitled-2-600x10.jpg 600w, https:\/\/staging.venluxe.com\/wp-content\/uploads\/2019\/08\/Untitled-2-300x5.jpg 300w, https:\/\/staging.venluxe.com\/wp-content\/uploads\/2019\/08\/Untitled-2-1024x17.jpg 1024w, https:\/\/staging.venluxe.com\/wp-content\/uploads\/2019\/08\/Untitled-2-768x13.jpg 768w\" sizes=\"(max-width: 1200px) 100vw, 1200px\" \/><\/p>\n<p style=\"text-align: center;\"><img loading=\"lazy\" decoding=\"async\" class=\"size-full wp-image-3541 alignleft\" src=\"https:\/\/venluxe.com\/wp-content\/uploads\/2020\/03\/3-VENLUXE-LUXURY-SET-1.jpg\" alt=\"\" width=\"700\" height=\"700\" srcset=\"https:\/\/staging.venluxe.com\/wp-content\/uploads\/2020\/03\/3-VENLUXE-LUXURY-SET-1.jpg 700w, https:\/\/staging.venluxe.com\/wp-content\/uploads\/2020\/03\/3-VENLUXE-LUXURY-SET-1-300x300.jpg 300w, https:\/\/staging.venluxe.com\/wp-content\/uploads\/2020\/03\/3-VENLUXE-LUXURY-SET-1-100x100.jpg 100w, https:\/\/staging.venluxe.com\/wp-content\/uploads\/2020\/03\/3-VENLUXE-LUXURY-SET-1-600x600.jpg 600w, https:\/\/staging.venluxe.com\/wp-content\/uploads\/2020\/03\/3-VENLUXE-LUXURY-SET-1-150x150.jpg 150w\" sizes=\"(max-width: 700px) 100vw, 700px\" \/><\/p>\n<p>&nbsp;<\/p>\n<p>&nbsp;<\/p>\n<h1 style=\"text-align: center;\">IHRE SCH\u00d6NHEIT AN SEINER SPITZE<\/h1>\n<p style=\"text-align: center;\"><img decoding=\"async\" class=\"aligncenter size-full wp-image-3336\" src=\"https:\/\/venluxe.com\/wp-content\/uploads\/2019\/08\/Untitled-2.jpg\" alt=\"\" width=\"1200\" height=\"20\" srcset=\"https:\/\/staging.venluxe.com\/wp-content\/uploads\/2019\/08\/Untitled-2.jpg 1200w, https:\/\/staging.venluxe.com\/wp-content\/uploads\/2019\/08\/Untitled-2-600x10.jpg 600w, https:\/\/staging.venluxe.com\/wp-content\/uploads\/2019\/08\/Untitled-2-300x5.jpg 300w, https:\/\/staging.venluxe.com\/wp-content\/uploads\/2019\/08\/Untitled-2-1024x17.jpg 1024w, https:\/\/staging.venluxe.com\/wp-content\/uploads\/2019\/08\/Untitled-2-768x13.jpg 768w\" sizes=\"(max-width: 1200px) 100vw, 1200px\" \/><img loading=\"lazy\" decoding=\"async\" class=\"alignright size-full wp-image-3563\" src=\"https:\/\/venluxe.com\/wp-content\/uploads\/2020\/03\/4-VENLUXE-LUXURY-SET-1.jpg\" alt=\"\" width=\"700\" height=\"700\" srcset=\"https:\/\/staging.venluxe.com\/wp-content\/uploads\/2020\/03\/4-VENLUXE-LUXURY-SET-1.jpg 700w, https:\/\/staging.venluxe.com\/wp-content\/uploads\/2020\/03\/4-VENLUXE-LUXURY-SET-1-300x300.jpg 300w, https:\/\/staging.venluxe.com\/wp-content\/uploads\/2020\/03\/4-VENLUXE-LUXURY-SET-1-100x100.jpg 100w, https:\/\/staging.venluxe.com\/wp-content\/uploads\/2020\/03\/4-VENLUXE-LUXURY-SET-1-600x600.jpg 600w, https:\/\/staging.venluxe.com\/wp-content\/uploads\/2020\/03\/4-VENLUXE-LUXURY-SET-1-150x150.jpg 150w\" sizes=\"(max-width: 700px) 100vw, 700px\" \/><\/p>\n<p>&nbsp;<\/p>\n<p>&nbsp;<\/p>\n<h1 style=\"text-align: center;\">IHR PERFEKTES MAKEUP-WERKZEUG IST ENDLICH DA<br \/>\n<img decoding=\"async\" class=\"aligncenter size-full wp-image-3336\" src=\"https:\/\/venluxe.com\/wp-content\/uploads\/2019\/08\/Untitled-2.jpg\" alt=\"\" width=\"1200\" height=\"20\" srcset=\"https:\/\/staging.venluxe.com\/wp-content\/uploads\/2019\/08\/Untitled-2.jpg 1200w, https:\/\/staging.venluxe.com\/wp-content\/uploads\/2019\/08\/Untitled-2-600x10.jpg 600w, https:\/\/staging.venluxe.com\/wp-content\/uploads\/2019\/08\/Untitled-2-300x5.jpg 300w, https:\/\/staging.venluxe.com\/wp-content\/uploads\/2019\/08\/Untitled-2-1024x17.jpg 1024w, https:\/\/staging.venluxe.com\/wp-content\/uploads\/2019\/08\/Untitled-2-768x13.jpg 768w\" sizes=\"(max-width: 1200px) 100vw, 1200px\" \/><img loading=\"lazy\" decoding=\"async\" class=\"alignleft size-full wp-image-3565\" src=\"https:\/\/venluxe.com\/wp-content\/uploads\/2020\/03\/5-VENLUXE-LUXURY-SET-1.jpg\" alt=\"\" width=\"700\" height=\"700\" srcset=\"https:\/\/staging.venluxe.com\/wp-content\/uploads\/2020\/03\/5-VENLUXE-LUXURY-SET-1.jpg 700w, https:\/\/staging.venluxe.com\/wp-content\/uploads\/2020\/03\/5-VENLUXE-LUXURY-SET-1-300x300.jpg 300w, https:\/\/staging.venluxe.com\/wp-content\/uploads\/2020\/03\/5-VENLUXE-LUXURY-SET-1-100x100.jpg 100w, https:\/\/staging.venluxe.com\/wp-content\/uploads\/2020\/03\/5-VENLUXE-LUXURY-SET-1-600x600.jpg 600w, https:\/\/staging.venluxe.com\/wp-content\/uploads\/2020\/03\/5-VENLUXE-LUXURY-SET-1-150x150.jpg 150w\" sizes=\"(max-width: 700px) 100vw, 700px\" \/><\/h1>\n<p>&nbsp;<\/p>\n<h1 style=\"text-align: center;\">DIE LUXUS-SET-INCOUNTOURNABLE-SAMMLUNG<\/h1>\n<h1 style=\"text-align: center;\"><img decoding=\"async\" class=\"aligncenter size-full wp-image-3336\" src=\"https:\/\/venluxe.com\/wp-content\/uploads\/2019\/08\/Untitled-2.jpg\" alt=\"\" width=\"1200\" height=\"20\" srcset=\"https:\/\/staging.venluxe.com\/wp-content\/uploads\/2019\/08\/Untitled-2.jpg 1200w, https:\/\/staging.venluxe.com\/wp-content\/uploads\/2019\/08\/Untitled-2-600x10.jpg 600w, https:\/\/staging.venluxe.com\/wp-content\/uploads\/2019\/08\/Untitled-2-300x5.jpg 300w, https:\/\/staging.venluxe.com\/wp-content\/uploads\/2019\/08\/Untitled-2-1024x17.jpg 1024w, https:\/\/staging.venluxe.com\/wp-content\/uploads\/2019\/08\/Untitled-2-768x13.jpg 768w\" sizes=\"(max-width: 1200px) 100vw, 1200px\" \/><\/h1>","protected":false},"excerpt":{"rendered":"<h5><\/h5>\n<p><img loading=\"lazy\" decoding=\"async\" class=\"aligncenter size-full wp-image-2181\" src=\"https:\/\/venluxe.com\/wp-content\/uploads\/2019\/08\/Standard2.0.jpg\" alt=\"\" width=\"900\" height=\"219\" srcset=\"https:\/\/staging.venluxe.com\/wp-content\/uploads\/2019\/08\/Standard2.0.jpg 900w, https:\/\/staging.venluxe.com\/wp-content\/uploads\/2019\/08\/Standard2.0-600x146.jpg 600w, https:\/\/staging.venluxe.com\/wp-content\/uploads\/2019\/08\/Standard2.0-300x73.jpg 300w, https:\/\/staging.venluxe.com\/wp-content\/uploads\/2019\/08\/Standard2.0-768x187.jpg 768w\" sizes=\"(max-width: 900px) 100vw, 900px\" \/><\/p>\n<h5>\u2022 Dieser Pinselsatz enth\u00e4lt alle wichtigen Pinsel, die Sie zur Vervollst\u00e4ndigung Ihres Make-ups ben\u00f6tigen.<br \/>\n\u2022 Verbessern Sie Ihren Look mit den LUXURY SET \u2122 -Pinseln, damit Sie endlich den gew\u00fcnschten Look erhalten.<br \/>\n\u2022 Diese hochwertigen Pinsel sind f\u00fcr eine einfache Anwendung mit schwarzen Griffen mit weichem Griff konzipiert.<br \/>\n\u2022 Die ideale Kollektion, um Ihr Make-up wie ein Profi zu machen.<\/h5>","protected":false},"featured_media":3307,"comment_status":"open","ping_status":"closed","template":"","meta":[],"product_brand":[],"product_cat":[67],"product_tag":[],"class_list":{"0":"post-3438","1":"product","2":"type-product","3":"status-publish","4":"has-post-thumbnail","6":"product_cat-makeup-and-beauty","8":"entry","9":"has-media","11":"first","12":"instock","13":"sale","14":"shipping-taxable","15":"purchasable","16":"product-type-simple","17":"has-rating","18":"col","19":"span_1_of_3","20":"owp-content-center","21":"item-entry","22":"owp-thumbs-layout-horizontal","23":"owp-btn-very-big","24":"owp-tabs-layout-section","25":"circle-sale"},"_links":{"self":[{"href":"https:\/\/staging.venluxe.com\/de\/wp-json\/wp\/v2\/product\/3438","targetHints":{"allow":["GET"]}}],"collection":[{"href":"https:\/\/staging.venluxe.com\/de\/wp-json\/wp\/v2\/product"}],"about":[{"href":"https:\/\/staging.venluxe.com\/de\/wp-json\/wp\/v2\/types\/product"}],"replies":[{"embeddable":true,"href":"https:\/\/staging.venluxe.com\/de\/wp-json\/wp\/v2\/comments?post=3438"}],"version-history":[{"count":0,"href":"https:\/\/staging.venluxe.com\/de\/wp-json\/wp\/v2\/product\/3438\/revisions"}],"wp:featuredmedia":[{"embeddable":true,"href":"https:\/\/staging.venluxe.com\/de\/wp-json\/wp\/v2\/media\/3307"}],"wp:attachment":[{"href":"https:\/\/staging.venluxe.com\/de\/wp-json\/wp\/v2\/media?parent=3438"}],"wp:term":[{"taxonomy":"product_brand","embeddable":true,"href":"https:\/\/staging.venluxe.com\/de\/wp-json\/wp\/v2\/product_brand?post=3438"},{"taxonomy":"product_cat","embeddable":true,"href":"https:\/\/staging.venluxe.com\/de\/wp-json\/wp\/v2\/product_cat?post=3438"},{"taxonomy":"product_tag","embeddable":true,"href":"https:\/\/staging.venluxe.com\/de\/wp-json\/wp\/v2\/product_tag?post=3438"}],"curies":[{"name":"wp","href":"https:\/\/api.w.org\/{rel}","templated":true}]}}